{"id":3071,"date":"2024-11-01T19:06:46","date_gmt":"2024-11-01T19:06:46","guid":{"rendered":"https:\/\/columbiaokura.com\/?page_id=3071"},"modified":"2025-07-07T21:56:53","modified_gmt":"2025-07-07T21:56:53","slug":"contactenos-soporte-remoto-2","status":"publish","type":"page","link":"https:\/\/columbiaokura.com\/es\/contactenos-soporte-remoto-2\/","title":{"rendered":"CONT\u00c1CTENOS &#8211; SOPORTE REMOTO"},"content":{"rendered":"","protected":false},"excerpt":{"rendered":"","protected":false},"author":3,"featured_media":0,"parent":0,"menu_order":5,"comment_status":"closed","ping_status":"closed","template":"templates\/page-contact.php","meta":{"_acf_changed":false,"footnotes":""},"class_list":["post-3071","page","type-page","status-publish","hentry"],"acf":[],"grav_blocks":[{"acf_fc_layout":"form","form_title":"","gate_content":false,"gated_gravity_form":false,"gated_form_content":"","gravity_form":"8","embed_form":"","shortcode_form":"","form_footer_text":"","content":"<h1>CONTACTE CON NUESTRO DEPARTAMENTO DE SOPORTE REMOTO<\/h1>\n<p>Cada uno de nuestros paletizadores robotizados industriales est\u00e1 equipado con un router industrial capaz de proporcionar acceso remoto. El router proporciona funciones de seguridad resistentes y con clasificaci\u00f3n industrial que incluyen cortafuegos, enrutamiento y VPN a redes industriales. La pasarela VPN permite una asistencia remota segura a trav\u00e9s de un servicio en la nube de terceros.<\/p>\n<p>Env\u00ede una solicitud de servicio rellenando el formulario y un miembro de nuestro equipo le responder\u00e1 en un plazo de dos d\u00edas laborables.<\/p>\n<p><strong>Direcci\u00f3n postal<\/strong><\/p>\n<p>301 Grove Street Vancouver, WA<br \/>\n98661 Estados Unidos<\/p>\n<p><strong>N\u00famero de tel\u00e9fono<\/strong><\/p>\n<p>+1 (877) 204 7444<\/p>\n","block_background":"block-bg-none","block_background_video_type":"url","block_background_video_url":"","block_background_video_file":false,"block_background_image":false,"block_background_overlay":false,"unique_id":"","layout_title":"","block_option_custom_class":"","block_option_padding":[],"block_option_hide":[],"form_type":"gravity","form_background":"block-bg-none","form_placement":"left"}],"ACF":{"banner_default_title_override":"","banner_default_description":"","banner_default_button_type":"none","banner_background_type":"image","banner_background_image":false,"banner_background_image_pos_horz":"50","banner_background_image_pos_vert":"50","banner_quick-nav":false,"grav_blocks":[{"acf_fc_layout":"form","form_title":"","gate_content":false,"gated_gravity_form":false,"gated_form_content":"","gravity_form":"8","embed_form":"","shortcode_form":"","form_footer_text":"","content":"<h1>CONTACTE CON NUESTRO DEPARTAMENTO DE SOPORTE REMOTO<\/h1>\n<p>Cada uno de nuestros paletizadores robotizados industriales est\u00e1 equipado con un router industrial capaz de proporcionar acceso remoto. El router proporciona funciones de seguridad resistentes y con clasificaci\u00f3n industrial que incluyen cortafuegos, enrutamiento y VPN a redes industriales. La pasarela VPN permite una asistencia remota segura a trav\u00e9s de un servicio en la nube de terceros.<\/p>\n<p>Env\u00ede una solicitud de servicio rellenando el formulario y un miembro de nuestro equipo le responder\u00e1 en un plazo de dos d\u00edas laborables.<\/p>\n<p><strong>Direcci\u00f3n postal<\/strong><\/p>\n<p>301 Grove Street Vancouver, WA<br \/>\n98661 Estados Unidos<\/p>\n<p><strong>N\u00famero de tel\u00e9fono<\/strong><\/p>\n<p>+1 (877) 204 7444<\/p>\n","block_background":"block-bg-none","block_background_video_type":"url","block_background_video_url":"","block_background_video_file":false,"block_background_image":false,"block_background_overlay":false,"unique_id":"","layout_title":"","block_option_custom_class":"","block_option_padding":[],"block_option_hide":[],"form_type":"gravity","form_background":"block-bg-none","form_placement":"left"}]},"_links":{"self":[{"href":"https:\/\/columbiaokura.com\/es\/wp-json\/wp\/v2\/pages\/3071","targetHints":{"allow":["GET"]}}],"collection":[{"href":"https:\/\/columbiaokura.com\/es\/wp-json\/wp\/v2\/pages"}],"about":[{"href":"https:\/\/columbiaokura.com\/es\/wp-json\/wp\/v2\/types\/page"}],"author":[{"embeddable":true,"href":"https:\/\/columbiaokura.com\/es\/wp-json\/wp\/v2\/users\/3"}],"replies":[{"embeddable":true,"href":"https:\/\/columbiaokura.com\/es\/wp-json\/wp\/v2\/comments?post=3071"}],"version-history":[{"count":3,"href":"https:\/\/columbiaokura.com\/es\/wp-json\/wp\/v2\/pages\/3071\/revisions"}],"predecessor-version":[{"id":3789,"href":"https:\/\/columbiaokura.com\/es\/wp-json\/wp\/v2\/pages\/3071\/revisions\/3789"}],"wp:attachment":[{"href":"https:\/\/columbiaokura.com\/es\/wp-json\/wp\/v2\/media?parent=3071"}],"curies":[{"name":"wp","href":"https:\/\/api.w.org\/{rel}","templated":true}]}}