{"id":2246,"date":"2024-07-17T20:30:27","date_gmt":"2024-07-17T20:30:27","guid":{"rendered":"https:\/\/columbiaokura.com\/contacte-repuestos\/"},"modified":"2025-07-07T22:01:08","modified_gmt":"2025-07-07T22:01:08","slug":"contacte-repuestos","status":"publish","type":"page","link":"https:\/\/columbiaokura.com\/es\/contacte-repuestos\/","title":{"rendered":"Contacte &#8211; Repuestos"},"content":{"rendered":"","protected":false},"excerpt":{"rendered":"","protected":false},"author":4,"featured_media":0,"parent":0,"menu_order":6,"comment_status":"closed","ping_status":"closed","template":"templates\/page-contact.php","meta":{"_acf_changed":false,"footnotes":""},"class_list":["post-2246","page","type-page","status-publish","hentry"],"acf":[],"grav_blocks":[{"acf_fc_layout":"form","form_title":"","gate_content":false,"gated_gravity_form":false,"gated_form_content":"","gravity_form":"6","embed_form":"","shortcode_form":"","form_footer_text":"","content":"<h1>CONTACTE CON NUESTRO DEPARTAMENTO DE REPUESTOS<\/h1>\n<p>Proporcionando repuestos originales OEM adem\u00e1s de soporte 24 horas al d\u00eda, 7 d\u00edas a la semana, estamos listos para ayudar. Almacenamos una gama completa de repuestos en nuestras oficinas centrales de Vancouver, WA para minimizar los problemas de mantenimiento. Env\u00ede una solicitud de repuestos rellenando el formulario y un miembro de nuestro equipo le responder\u00e1 en un plazo de dos d\u00edas laborables.<\/p>\n<p><strong> Direcci\u00f3n postal<\/strong><br \/>\n301 Grove Street<br \/>\nVancouver, WA 98661<br \/>\nEstados Unidos<\/p>\n<p><strong>N\u00famero de tel\u00e9fono<\/strong><\/p>\n<p>+1 (877) 204 7444<\/p>\n","block_background":"bg-charcoal","block_background_video_type":"url","block_background_video_url":"","block_background_video_file":false,"block_background_image":false,"block_background_overlay":false,"unique_id":"","layout_title":"","block_option_custom_class":"","block_option_padding":[],"block_option_hide":[],"form_type":"gravity","form_background":"block-bg-none","form_placement":"right"}],"ACF":{"grav_blocks":[{"acf_fc_layout":"form","form_title":"","gate_content":false,"gated_gravity_form":false,"gated_form_content":"","gravity_form":"6","embed_form":"","shortcode_form":"","form_footer_text":"","content":"<h1>CONTACTE CON NUESTRO DEPARTAMENTO DE REPUESTOS<\/h1>\n<p>Proporcionando repuestos originales OEM adem\u00e1s de soporte 24 horas al d\u00eda, 7 d\u00edas a la semana, estamos listos para ayudar. Almacenamos una gama completa de repuestos en nuestras oficinas centrales de Vancouver, WA para minimizar los problemas de mantenimiento. Env\u00ede una solicitud de repuestos rellenando el formulario y un miembro de nuestro equipo le responder\u00e1 en un plazo de dos d\u00edas laborables.<\/p>\n<p><strong> Direcci\u00f3n postal<\/strong><br \/>\n301 Grove Street<br \/>\nVancouver, WA 98661<br \/>\nEstados Unidos<\/p>\n<p><strong>N\u00famero de tel\u00e9fono<\/strong><\/p>\n<p>+1 (877) 204 7444<\/p>\n","block_background":"bg-charcoal","block_background_video_type":"url","block_background_video_url":"","block_background_video_file":false,"block_background_image":false,"block_background_overlay":false,"unique_id":"","layout_title":"","block_option_custom_class":"","block_option_padding":[],"block_option_hide":[],"form_type":"gravity","form_background":"block-bg-none","form_placement":"right"}]},"_links":{"self":[{"href":"https:\/\/columbiaokura.com\/es\/wp-json\/wp\/v2\/pages\/2246","targetHints":{"allow":["GET"]}}],"collection":[{"href":"https:\/\/columbiaokura.com\/es\/wp-json\/wp\/v2\/pages"}],"about":[{"href":"https:\/\/columbiaokura.com\/es\/wp-json\/wp\/v2\/types\/page"}],"author":[{"embeddable":true,"href":"https:\/\/columbiaokura.com\/es\/wp-json\/wp\/v2\/users\/4"}],"replies":[{"embeddable":true,"href":"https:\/\/columbiaokura.com\/es\/wp-json\/wp\/v2\/comments?post=2246"}],"version-history":[{"count":6,"href":"https:\/\/columbiaokura.com\/es\/wp-json\/wp\/v2\/pages\/2246\/revisions"}],"predecessor-version":[{"id":3799,"href":"https:\/\/columbiaokura.com\/es\/wp-json\/wp\/v2\/pages\/2246\/revisions\/3799"}],"wp:attachment":[{"href":"https:\/\/columbiaokura.com\/es\/wp-json\/wp\/v2\/media?parent=2246"}],"curies":[{"name":"wp","href":"https:\/\/api.w.org\/{rel}","templated":true}]}}