{"id":2242,"date":"2024-07-17T20:32:27","date_gmt":"2024-07-17T20:32:27","guid":{"rendered":"https:\/\/columbiaokura.com\/contact-training\/"},"modified":"2025-07-07T22:04:53","modified_gmt":"2025-07-07T22:04:53","slug":"contacte-formacion","status":"publish","type":"page","link":"https:\/\/columbiaokura.com\/es\/contacte-formacion\/","title":{"rendered":"Contacte &#8211; Formacion"},"content":{"rendered":"","protected":false},"excerpt":{"rendered":"","protected":false},"author":4,"featured_media":0,"parent":0,"menu_order":7,"comment_status":"closed","ping_status":"closed","template":"templates\/page-contact.php","meta":{"_acf_changed":false,"footnotes":""},"class_list":["post-2242","page","type-page","status-publish","hentry"],"acf":[],"grav_blocks":[{"acf_fc_layout":"form","form_title":"","gate_content":false,"gated_gravity_form":false,"gated_form_content":"","gravity_form":"1","embed_form":"","shortcode_form":"","form_footer_text":"","content":"<h1>CONTACTE CON NOSOTROS para programar una formaci\u00f3n<\/h1>\n<p>La formaci\u00f3n inicial para operadores de sistemas y personal de mantenimiento tambi\u00e9n tiene lugar en nuestras instalaciones, antes de que el sistema se instale en sus instalaciones.<\/p>\n<p>Despu\u00e9s de la formaci\u00f3n inicial, p\u00f3ngase en contacto con nosotros para programar la formaci\u00f3n de nuevos empleados y sepa que estamos a su disposici\u00f3n 24 horas al d\u00eda, 7 d\u00edas a la semana, con un s\u00f3lido soporte t\u00e9cnico.<\/p>\n<p><strong>Direcci\u00f3n postal<\/strong><\/p>\n<p>301 Grove Street Vancouver, WA<br \/>\n98661 Estados Unidos<\/p>\n<p><strong>N\u00famero de tel\u00e9fono<\/strong><\/p>\n<p>+1 (877) 204 7444<\/p>\n","block_background":"bg-charcoal","block_background_video_type":"url","block_background_video_url":"","block_background_video_file":false,"block_background_image":false,"block_background_overlay":false,"unique_id":"","layout_title":"","block_option_custom_class":"","block_option_padding":[],"block_option_hide":[],"form_type":"gravity","form_background":"block-bg-none","form_placement":"right"}],"ACF":{"grav_blocks":[{"acf_fc_layout":"form","form_title":"","gate_content":false,"gated_gravity_form":false,"gated_form_content":"","gravity_form":"1","embed_form":"","shortcode_form":"","form_footer_text":"","content":"<h1>CONTACTE CON NOSOTROS para programar una formaci\u00f3n<\/h1>\n<p>La formaci\u00f3n inicial para operadores de sistemas y personal de mantenimiento tambi\u00e9n tiene lugar en nuestras instalaciones, antes de que el sistema se instale en sus instalaciones.<\/p>\n<p>Despu\u00e9s de la formaci\u00f3n inicial, p\u00f3ngase en contacto con nosotros para programar la formaci\u00f3n de nuevos empleados y sepa que estamos a su disposici\u00f3n 24 horas al d\u00eda, 7 d\u00edas a la semana, con un s\u00f3lido soporte t\u00e9cnico.<\/p>\n<p><strong>Direcci\u00f3n postal<\/strong><\/p>\n<p>301 Grove Street Vancouver, WA<br \/>\n98661 Estados Unidos<\/p>\n<p><strong>N\u00famero de tel\u00e9fono<\/strong><\/p>\n<p>+1 (877) 204 7444<\/p>\n","block_background":"bg-charcoal","block_background_video_type":"url","block_background_video_url":"","block_background_video_file":false,"block_background_image":false,"block_background_overlay":false,"unique_id":"","layout_title":"","block_option_custom_class":"","block_option_padding":[],"block_option_hide":[],"form_type":"gravity","form_background":"block-bg-none","form_placement":"right"}]},"_links":{"self":[{"href":"https:\/\/columbiaokura.com\/es\/wp-json\/wp\/v2\/pages\/2242","targetHints":{"allow":["GET"]}}],"collection":[{"href":"https:\/\/columbiaokura.com\/es\/wp-json\/wp\/v2\/pages"}],"about":[{"href":"https:\/\/columbiaokura.com\/es\/wp-json\/wp\/v2\/types\/page"}],"author":[{"embeddable":true,"href":"https:\/\/columbiaokura.com\/es\/wp-json\/wp\/v2\/users\/4"}],"replies":[{"embeddable":true,"href":"https:\/\/columbiaokura.com\/es\/wp-json\/wp\/v2\/comments?post=2242"}],"version-history":[{"count":7,"href":"https:\/\/columbiaokura.com\/es\/wp-json\/wp\/v2\/pages\/2242\/revisions"}],"predecessor-version":[{"id":3806,"href":"https:\/\/columbiaokura.com\/es\/wp-json\/wp\/v2\/pages\/2242\/revisions\/3806"}],"wp:attachment":[{"href":"https:\/\/columbiaokura.com\/es\/wp-json\/wp\/v2\/media?parent=2242"}],"curies":[{"name":"wp","href":"https:\/\/api.w.org\/{rel}","templated":true}]}}