{"id":2239,"date":"2024-07-17T20:31:27","date_gmt":"2024-07-17T20:31:27","guid":{"rendered":"https:\/\/columbiaokura.com\/contacte-con-nuestro-departamento-de-servicio\/"},"modified":"2025-07-07T21:55:44","modified_gmt":"2025-07-07T21:55:44","slug":"contacte-con-nuestro-departamento-de-servicio","status":"publish","type":"page","link":"https:\/\/columbiaokura.com\/es\/contacte-con-nuestro-departamento-de-servicio\/","title":{"rendered":"CONTACTE CON NUESTRO DEPARTAMENTO DE SERVICIO"},"content":{"rendered":"","protected":false},"excerpt":{"rendered":"","protected":false},"author":4,"featured_media":0,"parent":0,"menu_order":5,"comment_status":"closed","ping_status":"closed","template":"templates\/page-contact.php","meta":{"_acf_changed":false,"footnotes":""},"class_list":["post-2239","page","type-page","status-publish","hentry"],"acf":[],"grav_blocks":[{"acf_fc_layout":"form","form_title":"","gate_content":false,"gated_gravity_form":false,"gated_form_content":"","gravity_form":"5","embed_form":"","shortcode_form":"","form_footer_text":"","content":"<h1>CONTACTE CON NUESTRO DEPARTAMENTO DE SERVICIO<\/h1>\n<p>Contamos con un equipo de t\u00e9cnicos de servicio experimentados en todas las zonas horarias de Norteam\u00e9rica y Sudam\u00e9rica. Estos t\u00e9cnicos est\u00e1n disponibles para visitar sus instalaciones para analizar, solucionar problemas, reparar o proporcionar mantenimiento preventivo. Env\u00ede una solicitud de servicio rellenando el formulario y un miembro de nuestro equipo le responder\u00e1 en un plazo de dos d\u00edas laborables.<\/p>\n<p><strong>Direcci\u00f3n postal <\/strong><\/p>\n<p>301 Grove Street Vancouver, WA<br \/>\n98661 Estados Unidos<\/p>\n<p><strong>N\u00famero de tel\u00e9fono<\/strong><\/p>\n<p>+1 (877) 204 7444<\/p>\n","block_background":"bg-charcoal","block_background_video_type":"url","block_background_video_url":"","block_background_video_file":false,"block_background_image":false,"block_background_overlay":false,"unique_id":"","layout_title":"","block_option_custom_class":"","block_option_padding":[],"block_option_hide":[],"form_type":"gravity","form_background":"block-bg-none","form_placement":"right"}],"ACF":{"grav_blocks":[{"acf_fc_layout":"form","form_title":"","gate_content":false,"gated_gravity_form":false,"gated_form_content":"","gravity_form":"5","embed_form":"","shortcode_form":"","form_footer_text":"","content":"<h1>CONTACTE CON NUESTRO DEPARTAMENTO DE SERVICIO<\/h1>\n<p>Contamos con un equipo de t\u00e9cnicos de servicio experimentados en todas las zonas horarias de Norteam\u00e9rica y Sudam\u00e9rica. Estos t\u00e9cnicos est\u00e1n disponibles para visitar sus instalaciones para analizar, solucionar problemas, reparar o proporcionar mantenimiento preventivo. Env\u00ede una solicitud de servicio rellenando el formulario y un miembro de nuestro equipo le responder\u00e1 en un plazo de dos d\u00edas laborables.<\/p>\n<p><strong>Direcci\u00f3n postal <\/strong><\/p>\n<p>301 Grove Street Vancouver, WA<br \/>\n98661 Estados Unidos<\/p>\n<p><strong>N\u00famero de tel\u00e9fono<\/strong><\/p>\n<p>+1 (877) 204 7444<\/p>\n","block_background":"bg-charcoal","block_background_video_type":"url","block_background_video_url":"","block_background_video_file":false,"block_background_image":false,"block_background_overlay":false,"unique_id":"","layout_title":"","block_option_custom_class":"","block_option_padding":[],"block_option_hide":[],"form_type":"gravity","form_background":"block-bg-none","form_placement":"right"}]},"_links":{"self":[{"href":"https:\/\/columbiaokura.com\/es\/wp-json\/wp\/v2\/pages\/2239","targetHints":{"allow":["GET"]}}],"collection":[{"href":"https:\/\/columbiaokura.com\/es\/wp-json\/wp\/v2\/pages"}],"about":[{"href":"https:\/\/columbiaokura.com\/es\/wp-json\/wp\/v2\/types\/page"}],"author":[{"embeddable":true,"href":"https:\/\/columbiaokura.com\/es\/wp-json\/wp\/v2\/users\/4"}],"replies":[{"embeddable":true,"href":"https:\/\/columbiaokura.com\/es\/wp-json\/wp\/v2\/comments?post=2239"}],"version-history":[{"count":6,"href":"https:\/\/columbiaokura.com\/es\/wp-json\/wp\/v2\/pages\/2239\/revisions"}],"predecessor-version":[{"id":3785,"href":"https:\/\/columbiaokura.com\/es\/wp-json\/wp\/v2\/pages\/2239\/revisions\/3785"}],"wp:attachment":[{"href":"https:\/\/columbiaokura.com\/es\/wp-json\/wp\/v2\/media?parent=2239"}],"curies":[{"name":"wp","href":"https:\/\/api.w.org\/{rel}","templated":true}]}}