{"id":2237,"date":"2023-08-01T16:02:02","date_gmt":"2023-08-01T16:02:02","guid":{"rendered":"https:\/\/columbiaokura.com\/contactenos\/"},"modified":"2025-07-07T22:06:04","modified_gmt":"2025-07-07T22:06:04","slug":"contactenos","status":"publish","type":"page","link":"https:\/\/columbiaokura.com\/es\/contactenos\/","title":{"rendered":"Cont\u00e1ctenos"},"content":{"rendered":"","protected":false},"excerpt":{"rendered":"","protected":false},"author":4,"featured_media":0,"parent":0,"menu_order":7,"comment_status":"closed","ping_status":"closed","template":"templates\/page-contact.php","meta":{"_acf_changed":false,"footnotes":""},"class_list":["post-2237","page","type-page","status-publish","hentry"],"acf":[],"grav_blocks":[{"acf_fc_layout":"form","form_title":"","gate_content":false,"gated_gravity_form":false,"gated_form_content":"","gravity_form":"1","embed_form":"","shortcode_form":"","form_footer_text":"","content":"<h1>Cont\u00e1ctenos<\/h1>\n<p>Contacte con nosotros en cualquier momento en <a href=\"mailto:support@colmac.com\" target=\"_blank\" rel=\"noopener\">support@colmac.com<\/a><\/p>\n<p>Con sede en el noroeste del Pac\u00edfico, Columbia\/Okura es un gran lugar para visitar. A medio camino entre las monta\u00f1as y la costa, siempre deber\u00eda planear quedarse uno o dos d\u00edas m\u00e1s cuando viaje aqu\u00ed para explorar la zona local.<\/p>\n<h6>Direcci\u00f3n postal<\/h6>\n<p>301 Grove Street<br \/>\nVancouver, WA 98661<br \/>\nEstados Unidos<\/p>\n<h6>N\u00famero de tel\u00e9fono<\/h6>\n<p>+1 (877) 204 7444<\/p>\n","block_background":"bg-charcoal","block_background_video_type":"url","block_background_video_url":"","block_background_video_file":false,"block_background_image":false,"block_background_overlay":false,"unique_id":"","layout_title":"","block_option_custom_class":"","block_option_padding":[],"block_option_hide":[],"form_type":"gravity","form_background":"block-bg-none","form_placement":"right"}],"ACF":{"grav_blocks":[{"acf_fc_layout":"form","form_title":"","gate_content":false,"gated_gravity_form":false,"gated_form_content":"","gravity_form":"1","embed_form":"","shortcode_form":"","form_footer_text":"","content":"<h1>Cont\u00e1ctenos<\/h1>\n<p>Contacte con nosotros en cualquier momento en <a href=\"mailto:support@colmac.com\" target=\"_blank\" rel=\"noopener\">support@colmac.com<\/a><\/p>\n<p>Con sede en el noroeste del Pac\u00edfico, Columbia\/Okura es un gran lugar para visitar. A medio camino entre las monta\u00f1as y la costa, siempre deber\u00eda planear quedarse uno o dos d\u00edas m\u00e1s cuando viaje aqu\u00ed para explorar la zona local.<\/p>\n<h6>Direcci\u00f3n postal<\/h6>\n<p>301 Grove Street<br \/>\nVancouver, WA 98661<br \/>\nEstados Unidos<\/p>\n<h6>N\u00famero de tel\u00e9fono<\/h6>\n<p>+1 (877) 204 7444<\/p>\n","block_background":"bg-charcoal","block_background_video_type":"url","block_background_video_url":"","block_background_video_file":false,"block_background_image":false,"block_background_overlay":false,"unique_id":"","layout_title":"","block_option_custom_class":"","block_option_padding":[],"block_option_hide":[],"form_type":"gravity","form_background":"block-bg-none","form_placement":"right"}]},"_links":{"self":[{"href":"https:\/\/columbiaokura.com\/es\/wp-json\/wp\/v2\/pages\/2237","targetHints":{"allow":["GET"]}}],"collection":[{"href":"https:\/\/columbiaokura.com\/es\/wp-json\/wp\/v2\/pages"}],"about":[{"href":"https:\/\/columbiaokura.com\/es\/wp-json\/wp\/v2\/types\/page"}],"author":[{"embeddable":true,"href":"https:\/\/columbiaokura.com\/es\/wp-json\/wp\/v2\/users\/4"}],"replies":[{"embeddable":true,"href":"https:\/\/columbiaokura.com\/es\/wp-json\/wp\/v2\/comments?post=2237"}],"version-history":[{"count":3,"href":"https:\/\/columbiaokura.com\/es\/wp-json\/wp\/v2\/pages\/2237\/revisions"}],"predecessor-version":[{"id":3807,"href":"https:\/\/columbiaokura.com\/es\/wp-json\/wp\/v2\/pages\/2237\/revisions\/3807"}],"wp:attachment":[{"href":"https:\/\/columbiaokura.com\/es\/wp-json\/wp\/v2\/media?parent=2237"}],"curies":[{"name":"wp","href":"https:\/\/api.w.org\/{rel}","templated":true}]}}