{"id":2112,"date":"2024-05-17T04:34:29","date_gmt":"2024-05-17T04:34:29","guid":{"rendered":"https:\/\/columbiaokura.com\/adaptaciones\/"},"modified":"2025-07-07T22:10:10","modified_gmt":"2025-07-07T22:10:10","slug":"adaptaciones","status":"publish","type":"page","link":"https:\/\/columbiaokura.com\/es\/adaptaciones\/","title":{"rendered":"Adaptaciones"},"content":{"rendered":"","protected":false},"excerpt":{"rendered":"","protected":false},"author":3,"featured_media":1981,"parent":0,"menu_order":14,"comment_status":"closed","ping_status":"closed","template":"","meta":{"_acf_changed":false,"footnotes":""},"class_list":["post-2112","page","type-page","status-publish","has-post-thumbnail","hentry"],"acf":[],"grav_blocks":[{"acf_fc_layout":"columns","columns_title":"","darken_text":false,"num_columns":"231","column_1":"<h2 style=\"text-align: left;\">Actualizaci\u00f3n de su sistema<\/h2>\n<p style=\"text-align: left;\">Entendemos que nuestros clientes operan en un entorno din\u00e1mico, y la flexibilidad es un factor importante a la hora de tomar la decisi\u00f3n de adquirir un robot para sus necesidades de paletizado de final de l\u00ednea.<\/p>\n<p style=\"text-align: left;\">Ya sea que busque aumentar la productividad de su sistema actual, revisar las configuraciones de producci\u00f3n o manejar nuevos tipos de carga, Columbia\/Okura est\u00e1 lista y capacitada para asistirlo con sus requerimientos cambiantes.<\/p>\n<p style=\"text-align: left;\">Las necesidades de embalaje siguen evolucionando. La tecnolog\u00eda de automatizaci\u00f3n contin\u00faa mejorando. Perm\u00edtanos ayudarle a actualizar su sistema para mejorar la productividad, cumplir con nuevos requisitos de empaque y\/o nuevas normas de seguridad. Actualizar su sistema con estas mejoras puede ser mucho m\u00e1s rentable que adquirir un sistema nuevo.<\/p>\n","column_2":"<h2 style=\"text-align: left;\">Benefits<\/h2>\n<ul>\n<li>Aumente la flexibilidad del sistema.<\/li>\n<li>Maneje nuevos tipos de carga y productos.<\/li>\n<li>Aumentar la productividad.<\/li>\n<li>Mejore la seguridad y la conformidad.<\/li>\n<\/ul>\n","column_3":"","column_4":"","block_background":"block-bg-none","block_background_video_type":"url","block_background_video_url":"","block_background_video_file":false,"block_background_image":false,"block_background_overlay":false,"unique_id":"","layout_title":"","block_option_custom_class":"","block_option_padding":[],"block_option_hide":[]},{"acf_fc_layout":"cta","cta_title":"Cat\u00e1logo de actualizaciones y mejoras del sistema","cta_content":"<p style=\"text-align: center;\">Nuestro \u00faltimo cat\u00e1logo de retroadaptaciones y mejoras del sistema describe los ajustes, las mejoras y las diferentes herramientas que se pueden a\u00f1adir a su sistema de paletizado.<\/p>\n","cta_button":{"title":"Ver el cat\u00e1logo","url":"https:\/\/columbiaokura.com\/wp-content\/uploads\/2024\/05\/2023-4-20-retrofit-catalog_digital_FINAL_Min.pdf","target":"_blank"},"block_background":"bg-dark","block_background_video_type":"url","block_background_video_url":"","block_background_video_file":false,"block_background_image":false,"block_background_overlay":false,"unique_id":"","layout_title":"","block_option_custom_class":"","block_option_padding":[],"block_option_hide":[]},{"acf_fc_layout":"slider","slider_title":"Servicios de atenci\u00f3n al cliente","slider_description":"","slider_slides":[{"slider_slide_image":1933,"slider_slide_title":"Trabajar con nosotros","slider_slide_text":"<p>Desde soluciones personalizadas e integraci\u00f3n hasta soporte continuo, espere una asociaci\u00f3n duradera y colaborativa con nosotros.<\/p>\n","slider_slide_link":{"title":"\u00bfPor qu\u00e9 nosotros?","url":"https:\/\/columbiaokura.com\/es\/quienes-somos\/","target":""}},{"slider_slide_image":1873,"slider_slide_title":"Servicio, mantenimiento y repuestos","slider_slide_text":"<p>Nuestros excelentes servicios de asistencia minimizan los periodos de inactividad y le permiten volver a trabajar r\u00e1pidamente.<\/p>\n","slider_slide_link":{"title":"Servicio, mantenimiento y repuestos","url":"https:\/\/columbiaokura.com\/es\/servicio-mantenimiento-y-repuestos\/","target":""}},{"slider_slide_image":1869,"slider_slide_title":"Programa de sustituci\u00f3n de robots","slider_slide_text":"<p>Garantice una asistencia remota ininterrumpida, actualizaciones de software y mejoras de programaci\u00f3n con los \u00faltimos modelos de equipos.<\/p>\n","slider_slide_link":{"title":"Programa de sustituci\u00f3n de robots","url":"https:\/\/columbiaokura.com\/es\/replacement-program\/","target":""}}],"block_background":"bg-charcoal","block_background_video_type":"url","block_background_video_url":"","block_background_video_file":false,"block_background_image":false,"block_background_overlay":false,"unique_id":"","layout_title":"","block_option_custom_class":"","block_option_padding":[],"block_option_hide":[]},{"acf_fc_layout":"accordion","accordion_title":"Encuentre respuestas a las preguntas m\u00e1s habituales sobre la reconversi\u00f3n de su sistema de paletizaci\u00f3n existente con robots.","accordion_description":"","accordion_items":[{"accordion_item-title":"\u00bfEs la retroadaptaci\u00f3n la decisi\u00f3n correcta para mi sistema de paletizado autom\u00e1tico existente?","accordion_item-content":"<p>Teniendo en cuenta el aumento del costo de los materiales y las limitaciones de espacio existentes, la reconversi\u00f3n puede ser una alternativa rentable a la instalaci\u00f3n de un nuevo sistema de paletizado desde cero.<\/p>\n<p>Los robots est\u00e1n perfectamente preparados para resolver los retos de paletizado de final de l\u00ednea:<\/p>\n<ul>\n<li>Aumentar la eficiencia<\/li>\n<li>Aumentar el rendimiento<\/li>\n<li>Mejorar la precisi\u00f3n<\/li>\n<li>Resolver la escasez de mano de obra<\/li>\n<\/ul>\n<p>Otras razones comunes para modernizar son mejorar la seguridad de los empleados, satisfacer nuevas aplicaciones de envasado y mejorar las cargas de pal\u00e9s. Por tanto, el objetivo final de su empresa es un factor clave a la hora de sopesar las ventajas de la modernizaci\u00f3n. Otras consideraciones a tener en cuenta son:<\/p>\n<ul>\n<li>Espacio disponible<\/li>\n<li>Equipos anteriores y posteriores<\/li>\n<li>Flujos de trabajo y procesos existentes<\/li>\n<\/ul>\n<p>Nuestro equipo de expertos trabajar\u00e1 con usted para recomendarle la mejor soluci\u00f3n.<\/p>\n"},{"accordion_item-title":"Nuestro envasado ha cambiado debido a los cambios del mercado. \u00bfSe puede modificar mi sistema de paletizado autom\u00e1tico para que siga funcionando al m\u00e1ximo rendimiento?","accordion_item-content":"<p>\u00a1S\u00ed! Ofrecemos retroadaptaciones precisamente por este motivo. Nuestro equipo puede indicarle qu\u00e9 equipos funcionar\u00e1n con su(s) nueva(s) aplicaci\u00f3n(es) para cumplir todos los requisitos m\u00ednimos de seguridad actuales.<\/p>\n"},{"accordion_item-title":"\u00bfC\u00f3mo puedo saber qu\u00e9 equipos de mi sistema de paletizaci\u00f3n autom\u00e1tica deben actualizarse?","accordion_item-content":"<p>Tras una visita a sus instalaciones y una sesi\u00f3n de escucha, comprenderemos las necesidades de su aplicaci\u00f3n. Nuestro equipo llevar\u00e1 a cabo una auditor\u00eda de su equipo de paletizado actual, asegur\u00e1ndose de que cumple todos los requisitos de seguridad m\u00ednimos. Tras la auditor\u00eda, le sugeriremos qu\u00e9 equipos deben actualizarse y qu\u00e9 equipos puede convenir a\u00f1adir a su l\u00ednea.<\/p>\n"}],"block_background":"bg-blue-gray","block_background_video_type":"url","block_background_video_url":"","block_background_video_file":false,"block_background_image":false,"block_background_overlay":false,"unique_id":"","layout_title":"","block_option_custom_class":"","block_option_padding":[],"block_option_hide":[]},{"acf_fc_layout":"global-block","block_group":2285}],"ACF":{"banner_home_title_one":"Integration","banner_home_title_two":"Driving Productivitiy","banner_home_description":"<p>We believe in the transformative power of automation<\/p>\n","banner_home_button_type":"video","banner_home_button_text":"Watch The Video","banner_home_button_video":"https:\/\/youtu.be\/nw-6F140gRg?si=KoHNn4laNHM5DDAF","banner_background_type":"image","banner_background_image":{"ID":1877,"id":1877,"title":"Columbia Okura","filename":"hall_1-scaled.jpg","filesize":1125775,"url":"https:\/\/columbiaokura.com\/wp-content\/uploads\/2024\/05\/hall_1-scaled.jpg","link":"https:\/\/columbiaokura.com\/es\/home\/columbia-okura-11-2\/","alt":"","author":"3","description":"","caption":"","name":"columbia-okura-11-2","status":"inherit","uploaded_to":2052,"date":"2024-05-23 16:15:25","modified":"2024-07-12 13:59:19","menu_order":0,"mime_type":"image\/jpeg","type":"image","subtype":"jpeg","icon":"https:\/\/columbiaokura.com\/wp-includes\/images\/media\/default.png","width":2560,"height":1920,"sizes":{"thumbnail":"https:\/\/columbiaokura.com\/wp-content\/uploads\/2024\/05\/hall_1-150x150.jpg","thumbnail-width":150,"thumbnail-height":150,"medium":"https:\/\/columbiaokura.com\/wp-content\/uploads\/2024\/05\/hall_1-300x225.jpg","medium-width":300,"medium-height":225,"medium_large":"https:\/\/columbiaokura.com\/wp-content\/uploads\/2024\/05\/hall_1-768x576.jpg","medium_large-width":768,"medium_large-height":576,"large":"https:\/\/columbiaokura.com\/wp-content\/uploads\/2024\/05\/hall_1-1024x768.jpg","large-width":1024,"large-height":768,"1536x1536":"https:\/\/columbiaokura.com\/wp-content\/uploads\/2024\/05\/hall_1-1536x1152.jpg","1536x1536-width":1536,"1536x1536-height":1152,"2048x2048":"https:\/\/columbiaokura.com\/wp-content\/uploads\/2024\/05\/hall_1-2048x1536.jpg","2048x2048-width":2048,"2048x2048-height":1536,"post-thumbnail":"https:\/\/columbiaokura.com\/wp-content\/uploads\/2024\/05\/hall_1-300x300.jpg","post-thumbnail-width":300,"post-thumbnail-height":300,"small":"https:\/\/columbiaokura.com\/wp-content\/uploads\/2024\/05\/hall_1-300x225.jpg","small-width":300,"small-height":225,"xlarge":"https:\/\/columbiaokura.com\/wp-content\/uploads\/2024\/05\/hall_1-1440x1080.jpg","xlarge-width":1440,"xlarge-height":1080,"gform-image-choice-sm":"https:\/\/columbiaokura.com\/wp-content\/uploads\/2024\/05\/hall_1-scaled.jpg","gform-image-choice-sm-width":300,"gform-image-choice-sm-height":225,"gform-image-choice-md":"https:\/\/columbiaokura.com\/wp-content\/uploads\/2024\/05\/hall_1-scaled.jpg","gform-image-choice-md-width":400,"gform-image-choice-md-height":300,"gform-image-choice-lg":"https:\/\/columbiaokura.com\/wp-content\/uploads\/2024\/05\/hall_1-scaled.jpg","gform-image-choice-lg-width":600,"gform-image-choice-lg-height":450}},"banner_background_image_pos_horz":"50","banner_background_image_pos_vert":"50","grav_blocks":[{"acf_fc_layout":"columns","columns_title":"","darken_text":false,"num_columns":"231","column_1":"<h2 style=\"text-align: left;\">Actualizaci\u00f3n de su sistema<\/h2>\n<p style=\"text-align: left;\">Entendemos que nuestros clientes operan en un entorno din\u00e1mico, y la flexibilidad es un factor importante a la hora de tomar la decisi\u00f3n de adquirir un robot para sus necesidades de paletizado de final de l\u00ednea.<\/p>\n<p style=\"text-align: left;\">Ya sea que busque aumentar la productividad de su sistema actual, revisar las configuraciones de producci\u00f3n o manejar nuevos tipos de carga, Columbia\/Okura est\u00e1 lista y capacitada para asistirlo con sus requerimientos cambiantes.<\/p>\n<p style=\"text-align: left;\">Las necesidades de embalaje siguen evolucionando. La tecnolog\u00eda de automatizaci\u00f3n contin\u00faa mejorando. Perm\u00edtanos ayudarle a actualizar su sistema para mejorar la productividad, cumplir con nuevos requisitos de empaque y\/o nuevas normas de seguridad. Actualizar su sistema con estas mejoras puede ser mucho m\u00e1s rentable que adquirir un sistema nuevo.<\/p>\n","column_2":"<h2 style=\"text-align: left;\">Benefits<\/h2>\n<ul>\n<li>Aumente la flexibilidad del sistema.<\/li>\n<li>Maneje nuevos tipos de carga y productos.<\/li>\n<li>Aumentar la productividad.<\/li>\n<li>Mejore la seguridad y la conformidad.<\/li>\n<\/ul>\n","column_3":"","column_4":"","block_background":"block-bg-none","block_background_video_type":"url","block_background_video_url":"","block_background_video_file":false,"block_background_image":false,"block_background_overlay":false,"unique_id":"","layout_title":"","block_option_custom_class":"","block_option_padding":[],"block_option_hide":[]},{"acf_fc_layout":"cta","cta_title":"Cat\u00e1logo de actualizaciones y mejoras del sistema","cta_content":"<p style=\"text-align: center;\">Nuestro \u00faltimo cat\u00e1logo de retroadaptaciones y mejoras del sistema describe los ajustes, las mejoras y las diferentes herramientas que se pueden a\u00f1adir a su sistema de paletizado.<\/p>\n","cta_button":{"title":"Ver el cat\u00e1logo","url":"https:\/\/columbiaokura.com\/wp-content\/uploads\/2024\/05\/2023-4-20-retrofit-catalog_digital_FINAL_Min.pdf","target":"_blank"},"block_background":"bg-dark","block_background_video_type":"url","block_background_video_url":"","block_background_video_file":false,"block_background_image":false,"block_background_overlay":false,"unique_id":"","layout_title":"","block_option_custom_class":"","block_option_padding":[],"block_option_hide":[]},{"acf_fc_layout":"slider","slider_title":"Servicios de atenci\u00f3n al cliente","slider_description":"","slider_slides":[{"slider_slide_image":1933,"slider_slide_title":"Trabajar con nosotros","slider_slide_text":"<p>Desde soluciones personalizadas e integraci\u00f3n hasta soporte continuo, espere una asociaci\u00f3n duradera y colaborativa con nosotros.<\/p>\n","slider_slide_link":{"title":"\u00bfPor qu\u00e9 nosotros?","url":"https:\/\/columbiaokura.com\/es\/quienes-somos\/","target":""}},{"slider_slide_image":1873,"slider_slide_title":"Servicio, mantenimiento y repuestos","slider_slide_text":"<p>Nuestros excelentes servicios de asistencia minimizan los periodos de inactividad y le permiten volver a trabajar r\u00e1pidamente.<\/p>\n","slider_slide_link":{"title":"Servicio, mantenimiento y repuestos","url":"https:\/\/columbiaokura.com\/es\/servicio-mantenimiento-y-repuestos\/","target":""}},{"slider_slide_image":1869,"slider_slide_title":"Programa de sustituci\u00f3n de robots","slider_slide_text":"<p>Garantice una asistencia remota ininterrumpida, actualizaciones de software y mejoras de programaci\u00f3n con los \u00faltimos modelos de equipos.<\/p>\n","slider_slide_link":{"title":"Programa de sustituci\u00f3n de robots","url":"https:\/\/columbiaokura.com\/es\/replacement-program\/","target":""}}],"block_background":"bg-charcoal","block_background_video_type":"url","block_background_video_url":"","block_background_video_file":false,"block_background_image":false,"block_background_overlay":false,"unique_id":"","layout_title":"","block_option_custom_class":"","block_option_padding":[],"block_option_hide":[]},{"acf_fc_layout":"accordion","accordion_title":"Encuentre respuestas a las preguntas m\u00e1s habituales sobre la reconversi\u00f3n de su sistema de paletizaci\u00f3n existente con robots.","accordion_description":"","accordion_items":[{"accordion_item-title":"\u00bfEs la retroadaptaci\u00f3n la decisi\u00f3n correcta para mi sistema de paletizado autom\u00e1tico existente?","accordion_item-content":"<p>Teniendo en cuenta el aumento del costo de los materiales y las limitaciones de espacio existentes, la reconversi\u00f3n puede ser una alternativa rentable a la instalaci\u00f3n de un nuevo sistema de paletizado desde cero.<\/p>\n<p>Los robots est\u00e1n perfectamente preparados para resolver los retos de paletizado de final de l\u00ednea:<\/p>\n<ul>\n<li>Aumentar la eficiencia<\/li>\n<li>Aumentar el rendimiento<\/li>\n<li>Mejorar la precisi\u00f3n<\/li>\n<li>Resolver la escasez de mano de obra<\/li>\n<\/ul>\n<p>Otras razones comunes para modernizar son mejorar la seguridad de los empleados, satisfacer nuevas aplicaciones de envasado y mejorar las cargas de pal\u00e9s. Por tanto, el objetivo final de su empresa es un factor clave a la hora de sopesar las ventajas de la modernizaci\u00f3n. Otras consideraciones a tener en cuenta son:<\/p>\n<ul>\n<li>Espacio disponible<\/li>\n<li>Equipos anteriores y posteriores<\/li>\n<li>Flujos de trabajo y procesos existentes<\/li>\n<\/ul>\n<p>Nuestro equipo de expertos trabajar\u00e1 con usted para recomendarle la mejor soluci\u00f3n.<\/p>\n"},{"accordion_item-title":"Nuestro envasado ha cambiado debido a los cambios del mercado. \u00bfSe puede modificar mi sistema de paletizado autom\u00e1tico para que siga funcionando al m\u00e1ximo rendimiento?","accordion_item-content":"<p>\u00a1S\u00ed! Ofrecemos retroadaptaciones precisamente por este motivo. Nuestro equipo puede indicarle qu\u00e9 equipos funcionar\u00e1n con su(s) nueva(s) aplicaci\u00f3n(es) para cumplir todos los requisitos m\u00ednimos de seguridad actuales.<\/p>\n"},{"accordion_item-title":"\u00bfC\u00f3mo puedo saber qu\u00e9 equipos de mi sistema de paletizaci\u00f3n autom\u00e1tica deben actualizarse?","accordion_item-content":"<p>Tras una visita a sus instalaciones y una sesi\u00f3n de escucha, comprenderemos las necesidades de su aplicaci\u00f3n. Nuestro equipo llevar\u00e1 a cabo una auditor\u00eda de su equipo de paletizado actual, asegur\u00e1ndose de que cumple todos los requisitos de seguridad m\u00ednimos. Tras la auditor\u00eda, le sugeriremos qu\u00e9 equipos deben actualizarse y qu\u00e9 equipos puede convenir a\u00f1adir a su l\u00ednea.<\/p>\n"}],"block_background":"bg-blue-gray","block_background_video_type":"url","block_background_video_url":"","block_background_video_file":false,"block_background_image":false,"block_background_overlay":false,"unique_id":"","layout_title":"","block_option_custom_class":"","block_option_padding":[],"block_option_hide":[]},{"acf_fc_layout":"global-block","block_group":2285}],"banner_default_title_override":"Adaptaciones","banner_default_description":"<p><a class=\"button\" href=\"https:\/\/columbiaokura.com\/contact\/\">Cont\u00e1ctenos<\/a><\/p>\n","banner_default_button_type":"none","banner_quick-nav":false},"_links":{"self":[{"href":"https:\/\/columbiaokura.com\/es\/wp-json\/wp\/v2\/pages\/2112","targetHints":{"allow":["GET"]}}],"collection":[{"href":"https:\/\/columbiaokura.com\/es\/wp-json\/wp\/v2\/pages"}],"about":[{"href":"https:\/\/columbiaokura.com\/es\/wp-json\/wp\/v2\/types\/page"}],"author":[{"embeddable":true,"href":"https:\/\/columbiaokura.com\/es\/wp-json\/wp\/v2\/users\/3"}],"replies":[{"embeddable":true,"href":"https:\/\/columbiaokura.com\/es\/wp-json\/wp\/v2\/comments?post=2112"}],"version-history":[{"count":3,"href":"https:\/\/columbiaokura.com\/es\/wp-json\/wp\/v2\/pages\/2112\/revisions"}],"predecessor-version":[{"id":3810,"href":"https:\/\/columbiaokura.com\/es\/wp-json\/wp\/v2\/pages\/2112\/revisions\/3810"}],"wp:featuredmedia":[{"embeddable":true,"href":"https:\/\/columbiaokura.com\/es\/wp-json\/wp\/v2\/media\/1981"}],"wp:attachment":[{"href":"https:\/\/columbiaokura.com\/es\/wp-json\/wp\/v2\/media?parent=2112"}],"curies":[{"name":"wp","href":"https:\/\/api.w.org\/{rel}","templated":true}]}}