{"id":2105,"date":"2024-05-17T04:28:38","date_gmt":"2024-05-17T04:28:38","guid":{"rendered":"https:\/\/columbiaokura.com\/replacement-program\/"},"modified":"2025-07-07T22:21:34","modified_gmt":"2025-07-07T22:21:34","slug":"programa-de-substitucion","status":"publish","type":"page","link":"https:\/\/columbiaokura.com\/es\/programa-de-substitucion\/","title":{"rendered":"Programa de sustituci\u00f3n de robots"},"content":{"rendered":"","protected":false},"excerpt":{"rendered":"","protected":false},"author":3,"featured_media":1869,"parent":0,"menu_order":14,"comment_status":"closed","ping_status":"closed","template":"","meta":{"_acf_changed":false,"footnotes":""},"class_list":["post-2105","page","type-page","status-publish","has-post-thumbnail","hentry"],"acf":[],"grav_blocks":[{"acf_fc_layout":"columns","columns_title":"","darken_text":false,"num_columns":"231","column_1":"<h2 style=\"text-align: left;\">\u00bfPor qu\u00e9 sustituir su brazo rob\u00f3tico?<\/h2>\n<p>El Programa de sustituci\u00f3n de brazos rob\u00f3ticos ayuda a nuestros clientes a pasar de equipos antiguos a modelos m\u00e1s nuevos para que su sistema de paletizado pueda seguir contando con el apoyo de nuestros t\u00e9cnicos y repuestos OEM.<\/p>\n<p>La actualizaci\u00f3n de un brazo tambi\u00e9n garantizar\u00e1 que los usuarios dispongan de un software actualizado y f\u00e1cil de usar con las \u00faltimas capacidades de programaci\u00f3n.<\/p>\n<p><a class=\"button\" href=\"https:\/\/columbiaokura.com\/wp-content\/uploads\/2024\/05\/Arm-Replacement-Cutsheet-6th-Draft.pdf\">Specifications<\/a><\/p>\n","column_2":"<p>&nbsp;<\/p>\n<h3 style=\"text-align: left;\">Benefits<\/h3>\n<ul>\n<li>M\u00e1s rentable que la compra de un equipo completamente nuevo, con un periodo de amortizaci\u00f3n m\u00e1s corto.<\/li>\n<li>El hardware y software actualizados permiten a nuestro equipo de servicio ofrecer asistencia remota 24 horas al d\u00eda, 7 d\u00edas a la semana.<\/li>\n<li>El software actualizado ofrece un funcionamiento y una programaci\u00f3n m\u00e1s sencillos con una interfaz m\u00e1s f\u00e1cil de usar.<br \/>\n.<\/li>\n<\/ul>\n","column_3":"","column_4":"","block_background":"block-bg-none","block_background_video_type":"url","block_background_video_url":"","block_background_video_file":false,"block_background_image":false,"block_background_overlay":false,"unique_id":"","layout_title":"","block_option_custom_class":"","block_option_padding":["block-options-padding-remove-bottom"],"block_option_hide":[]},{"acf_fc_layout":"grid","grid_heading":true,"grid_title":"","grid_subtext":"","grid_items":[{"link_type":"url","link_page":null,"link_url":"\/","link_file":false,"link_video":"","button_text":"","item_image":false,"grid_use_icon":false,"icon":false,"grid_icon_wrapper_color":"blue","item_content":"<h4 style=\"text-align: center;\">Personalizaci\u00f3n<\/h4>\n<p style=\"text-align: center;\">Le permite actualizar componentes o sistemas espec\u00edficos para satisfacer necesidades \u00fanicas.<\/p>\n"},{"link_type":"url","link_page":null,"link_url":"\/","link_file":false,"link_video":"","button_text":"","item_image":false,"grid_use_icon":false,"icon":false,"grid_icon_wrapper_color":"blue","item_content":"<h4 style=\"text-align: center;\">Cumplimiento de normativas<\/h4>\n<p style=\"text-align: center;\">Adapte los equipos a las normas reglamentarias vigentes sin necesidad de adquirir un sistema completamente nuevo.<\/p>\n"},{"link_type":"url","link_page":null,"link_url":"\/","link_file":false,"link_video":"","button_text":"","item_image":false,"grid_use_icon":false,"icon":false,"grid_icon_wrapper_color":"blue","item_content":"<h4 style=\"text-align: center;\">Disponibilidad de repuestos<\/h4>\n<p style=\"text-align: center;\">Obtenga la tranquilidad de saber que, cuando se produzcan fallos inesperados en los repuestos, podr\u00e1 acceder f\u00e1cilmente a las repuestos OEM.<\/p>\n"},{"link_type":"url","link_page":null,"link_url":"\/","link_file":false,"link_video":"","button_text":"","item_image":false,"grid_use_icon":false,"icon":false,"grid_icon_wrapper_color":"blue","item_content":"<h4 style=\"text-align: center;\">Interrupci\u00f3n m\u00ednima<\/h4>\n<p style=\"text-align: center;\">Puede completarse de forma incremental, reduciendo el impacto en los programas de producci\u00f3n.<\/p>\n"}],"block_background":"block-bg-none","block_background_video_type":"url","block_background_video_url":"","block_background_video_file":false,"block_background_image":false,"block_background_overlay":false,"unique_id":"","layout_title":"","block_option_custom_class":"","block_option_padding":["block-options-padding-remove-top"],"block_option_hide":[],"num_columns_small":"1","num_columns_medium":"2","num_columns_large":"4","num_columns_xlarge":"4"},{"acf_fc_layout":"cta","cta_title":"","cta_content":"<h2 style=\"text-align: center;\">\u00bfEst\u00e1 listo para actualizar su robot?<\/h2>\n<h4 style=\"text-align: center;\">P\u00f3ngase en contacto con nosotros para saber c\u00f3mo podemos ayudarle.<\/h4>\n","cta_button":{"title":"Cont\u00e1ctenos","url":"https:\/\/columbiaokura.com\/es\/contactenos\/","target":""},"block_background":"bg-dark","block_background_video_type":"url","block_background_video_url":"","block_background_video_file":false,"block_background_image":false,"block_background_overlay":false,"unique_id":"","layout_title":"","block_option_custom_class":"","block_option_padding":[],"block_option_hide":[]},{"acf_fc_layout":"slider","slider_title":"Servicios de atenci\u00f3n al cliente","slider_description":"","slider_slides":[{"slider_slide_image":1933,"slider_slide_title":"Trabajar con nosotros","slider_slide_text":"<p>Desde soluciones personalizadas e integraci\u00f3n hasta soporte continuo, espere una asociaci\u00f3n duradera y colaborativa con nosotros.<\/p>\n","slider_slide_link":{"title":"\u00bfPor qu\u00e9 nosotros?","url":"https:\/\/columbiaokura.com\/es\/quienes-somos\/","target":""}},{"slider_slide_image":1873,"slider_slide_title":"Servicio, mantenimiento y repuestos","slider_slide_text":"<p>Nuestros excelentes servicios de asistencia minimizan los periodos de inactividad y le permiten volver a trabajar r\u00e1pidamente.<\/p>\n","slider_slide_link":{"title":"Servicio, mantenimiento y repuestos","url":"https:\/\/columbiaokura.com\/es\/servicio-mantenimiento-y-repuestos\/","target":""}},{"slider_slide_image":1981,"slider_slide_title":"Adaptaciones","slider_slide_text":"<p>Explore la posibilidad de actualizar su sistema actual para aumentar la productividad y gestionar nuevos tipos de cargas.<\/p>\n","slider_slide_link":{"title":"Adaptaciones","url":"https:\/\/columbiaokura.com\/es\/adaptaciones\/","target":""}}],"block_background":"bg-charcoal","block_background_video_type":"url","block_background_video_url":"","block_background_video_file":false,"block_background_image":false,"block_background_overlay":false,"unique_id":"","layout_title":"","block_option_custom_class":"","block_option_padding":[],"block_option_hide":[]},{"acf_fc_layout":"accordion","accordion_title":"Encuentre respuestas a las preguntas m\u00e1s habituales sobre la sustituci\u00f3n del brazo rob\u00f3tico de su paletizador. ","accordion_description":"","accordion_items":[{"accordion_item-title":"\u00bfCu\u00e1ndo debo sustituir el brazo rob\u00f3tico de mi paletizador?","accordion_item-content":"<p>Aunque los brazos Columbia\/Okura que se instalaron hace m\u00e1s de 15 a\u00f1os siguen paletizando y funcionando bien, nuestros \u00faltimos robots paletizadores robotizados ofrecen valiosas actualizaciones.<\/p>\n<p>El ciclo de vida t\u00edpico de los robots paletizadores es de unos 15 a\u00f1os. Debido a la velocidad a la que cambia la tecnolog\u00eda, si tiene un brazo rob\u00f3tico de la generaci\u00f3n 5 (o anterior), es probable que haya llegado el momento de sustituirlo.<\/p>\n"},{"accordion_item-title":"\u00bfEn qu\u00e9 consiste la sustituci\u00f3n de un brazo?","accordion_item-content":"<p>La sustituci\u00f3n de su brazo rob\u00f3tico consiste en actualizar el brazo rob\u00f3tico, el controlador y el efector final a nuestro dise\u00f1o m\u00e1s reciente (generaci\u00f3n 7). Reutilizamos los transportadores y controles existentes. El cableado de la caja de conexiones existente y los cables del motor se aterrizar\u00e1n y cablear\u00e1n en el nuevo panel de control de equipos perif\u00e9ricos (panel PEC) y se controlar\u00e1n mediante un nuevo PLC Compact Logix.<\/p>\n"},{"accordion_item-title":"\u00bfQu\u00e9 otros equipos es necesario sustituir con el robot?","accordion_item-content":"<p>Si se va a sustituir un brazo, para cumplir las normas de seguridad actuales, es habitual que sea necesario actualizar los PLC de seguridad del panel para los controles, adem\u00e1s de a\u00f1adir interruptores de puerta y cortinas de luz para garantizar la seguridad de los operarios.<\/p>\n"}],"block_background":"bg-blue-gray","block_background_video_type":"url","block_background_video_url":"","block_background_video_file":false,"block_background_image":false,"block_background_overlay":false,"unique_id":"","layout_title":"","block_option_custom_class":"","block_option_padding":[],"block_option_hide":[]},{"acf_fc_layout":"global-block","block_group":2285}],"ACF":{"banner_default_description":"","banner_quick-nav":false,"banner_home_title_one":"Integration","banner_home_title_two":"Driving Productivitiy","banner_home_description":"<p>We believe in the transformative power of automation<\/p>\n","banner_home_button_type":"video","banner_home_button_text":"Watch The Video","banner_home_button_video":"https:\/\/youtu.be\/nw-6F140gRg?si=KoHNn4laNHM5DDAF","banner_background_type":"image","banner_background_image":{"ID":1827,"id":1827,"title":"Ambrose full-26-(ZF-1524-92187-1-058)-min (1)","filename":"Ambrose-full-26-ZF-1524-92187-1-058-min-1.jpg","filesize":4807418,"url":"https:\/\/columbiaokura.com\/wp-content\/uploads\/2024\/05\/Ambrose-full-26-ZF-1524-92187-1-058-min-1.jpg","link":"https:\/\/columbiaokura.com\/es\/home\/ambrose-full-26-zf-1524-92187-1-058-min-1-2\/","alt":"Industrial Robotic Palletizing System","author":"3","description":"","caption":"","name":"ambrose-full-26-zf-1524-92187-1-058-min-1-2","status":"inherit","uploaded_to":2052,"date":"2024-05-19 20:01:59","modified":"2024-07-22 20:40:37","menu_order":0,"mime_type":"image\/jpeg","type":"image","subtype":"jpeg","icon":"https:\/\/columbiaokura.com\/wp-includes\/images\/media\/default.png","width":9504,"height":6336,"sizes":{"thumbnail":"https:\/\/columbiaokura.com\/wp-content\/uploads\/2024\/05\/Ambrose-full-26-ZF-1524-92187-1-058-min-1.jpg","thumbnail-width":150,"thumbnail-height":100,"medium":"https:\/\/columbiaokura.com\/wp-content\/uploads\/2024\/05\/Ambrose-full-26-ZF-1524-92187-1-058-min-1-300x200.jpg","medium-width":300,"medium-height":200,"medium_large":"https:\/\/columbiaokura.com\/wp-content\/uploads\/2024\/05\/Ambrose-full-26-ZF-1524-92187-1-058-min-1-768x512.jpg","medium_large-width":768,"medium_large-height":512,"large":"https:\/\/columbiaokura.com\/wp-content\/uploads\/2024\/05\/Ambrose-full-26-ZF-1524-92187-1-058-min-1-1024x683.jpg","large-width":1024,"large-height":683,"1536x1536":"https:\/\/columbiaokura.com\/wp-content\/uploads\/2024\/05\/Ambrose-full-26-ZF-1524-92187-1-058-min-1.jpg","1536x1536-width":1536,"1536x1536-height":1024,"2048x2048":"https:\/\/columbiaokura.com\/wp-content\/uploads\/2024\/05\/Ambrose-full-26-ZF-1524-92187-1-058-min-1.jpg","2048x2048-width":2048,"2048x2048-height":1365,"post-thumbnail":"https:\/\/columbiaokura.com\/wp-content\/uploads\/2024\/05\/Ambrose-full-26-ZF-1524-92187-1-058-min-1.jpg","post-thumbnail-width":300,"post-thumbnail-height":200,"small":"https:\/\/columbiaokura.com\/wp-content\/uploads\/2024\/05\/Ambrose-full-26-ZF-1524-92187-1-058-min-1-300x200.jpg","small-width":300,"small-height":200,"xlarge":"https:\/\/columbiaokura.com\/wp-content\/uploads\/2024\/05\/Ambrose-full-26-ZF-1524-92187-1-058-min-1.jpg","xlarge-width":1440,"xlarge-height":960,"gform-image-choice-sm":"https:\/\/columbiaokura.com\/wp-content\/uploads\/2024\/05\/Ambrose-full-26-ZF-1524-92187-1-058-min-1.jpg","gform-image-choice-sm-width":300,"gform-image-choice-sm-height":200,"gform-image-choice-md":"https:\/\/columbiaokura.com\/wp-content\/uploads\/2024\/05\/Ambrose-full-26-ZF-1524-92187-1-058-min-1.jpg","gform-image-choice-md-width":400,"gform-image-choice-md-height":267,"gform-image-choice-lg":"https:\/\/columbiaokura.com\/wp-content\/uploads\/2024\/05\/Ambrose-full-26-ZF-1524-92187-1-058-min-1.jpg","gform-image-choice-lg-width":600,"gform-image-choice-lg-height":400}},"banner_background_image_pos_horz":"50","banner_background_image_pos_vert":"20","grav_blocks":[{"acf_fc_layout":"columns","columns_title":"","darken_text":false,"num_columns":"231","column_1":"<h2 style=\"text-align: left;\">\u00bfPor qu\u00e9 sustituir su brazo rob\u00f3tico?<\/h2>\n<p>El Programa de sustituci\u00f3n de brazos rob\u00f3ticos ayuda a nuestros clientes a pasar de equipos antiguos a modelos m\u00e1s nuevos para que su sistema de paletizado pueda seguir contando con el apoyo de nuestros t\u00e9cnicos y repuestos OEM.<\/p>\n<p>La actualizaci\u00f3n de un brazo tambi\u00e9n garantizar\u00e1 que los usuarios dispongan de un software actualizado y f\u00e1cil de usar con las \u00faltimas capacidades de programaci\u00f3n.<\/p>\n<p><a class=\"button\" href=\"https:\/\/columbiaokura.com\/wp-content\/uploads\/2024\/05\/Arm-Replacement-Cutsheet-6th-Draft.pdf\">Specifications<\/a><\/p>\n","column_2":"<p>&nbsp;<\/p>\n<h3 style=\"text-align: left;\">Benefits<\/h3>\n<ul>\n<li>M\u00e1s rentable que la compra de un equipo completamente nuevo, con un periodo de amortizaci\u00f3n m\u00e1s corto.<\/li>\n<li>El hardware y software actualizados permiten a nuestro equipo de servicio ofrecer asistencia remota 24 horas al d\u00eda, 7 d\u00edas a la semana.<\/li>\n<li>El software actualizado ofrece un funcionamiento y una programaci\u00f3n m\u00e1s sencillos con una interfaz m\u00e1s f\u00e1cil de usar.<br \/>\n.<\/li>\n<\/ul>\n","column_3":"","column_4":"","block_background":"block-bg-none","block_background_video_type":"url","block_background_video_url":"","block_background_video_file":false,"block_background_image":false,"block_background_overlay":false,"unique_id":"","layout_title":"","block_option_custom_class":"","block_option_padding":["block-options-padding-remove-bottom"],"block_option_hide":[]},{"acf_fc_layout":"grid","grid_heading":true,"grid_title":"","grid_subtext":"","grid_items":[{"link_type":"url","link_page":null,"link_url":"\/","link_file":false,"link_video":"","button_text":"","item_image":false,"grid_use_icon":false,"icon":false,"grid_icon_wrapper_color":"blue","item_content":"<h4 style=\"text-align: center;\">Personalizaci\u00f3n<\/h4>\n<p style=\"text-align: center;\">Le permite actualizar componentes o sistemas espec\u00edficos para satisfacer necesidades \u00fanicas.<\/p>\n"},{"link_type":"url","link_page":null,"link_url":"\/","link_file":false,"link_video":"","button_text":"","item_image":false,"grid_use_icon":false,"icon":false,"grid_icon_wrapper_color":"blue","item_content":"<h4 style=\"text-align: center;\">Cumplimiento de normativas<\/h4>\n<p style=\"text-align: center;\">Adapte los equipos a las normas reglamentarias vigentes sin necesidad de adquirir un sistema completamente nuevo.<\/p>\n"},{"link_type":"url","link_page":null,"link_url":"\/","link_file":false,"link_video":"","button_text":"","item_image":false,"grid_use_icon":false,"icon":false,"grid_icon_wrapper_color":"blue","item_content":"<h4 style=\"text-align: center;\">Disponibilidad de repuestos<\/h4>\n<p style=\"text-align: center;\">Obtenga la tranquilidad de saber que, cuando se produzcan fallos inesperados en los repuestos, podr\u00e1 acceder f\u00e1cilmente a las repuestos OEM.<\/p>\n"},{"link_type":"url","link_page":null,"link_url":"\/","link_file":false,"link_video":"","button_text":"","item_image":false,"grid_use_icon":false,"icon":false,"grid_icon_wrapper_color":"blue","item_content":"<h4 style=\"text-align: center;\">Interrupci\u00f3n m\u00ednima<\/h4>\n<p style=\"text-align: center;\">Puede completarse de forma incremental, reduciendo el impacto en los programas de producci\u00f3n.<\/p>\n"}],"block_background":"block-bg-none","block_background_video_type":"url","block_background_video_url":"","block_background_video_file":false,"block_background_image":false,"block_background_overlay":false,"unique_id":"","layout_title":"","block_option_custom_class":"","block_option_padding":["block-options-padding-remove-top"],"block_option_hide":[],"num_columns_small":"1","num_columns_medium":"2","num_columns_large":"4","num_columns_xlarge":"4"},{"acf_fc_layout":"cta","cta_title":"","cta_content":"<h2 style=\"text-align: center;\">\u00bfEst\u00e1 listo para actualizar su robot?<\/h2>\n<h4 style=\"text-align: center;\">P\u00f3ngase en contacto con nosotros para saber c\u00f3mo podemos ayudarle.<\/h4>\n","cta_button":{"title":"Cont\u00e1ctenos","url":"https:\/\/columbiaokura.com\/es\/contactenos\/","target":""},"block_background":"bg-dark","block_background_video_type":"url","block_background_video_url":"","block_background_video_file":false,"block_background_image":false,"block_background_overlay":false,"unique_id":"","layout_title":"","block_option_custom_class":"","block_option_padding":[],"block_option_hide":[]},{"acf_fc_layout":"slider","slider_title":"Servicios de atenci\u00f3n al cliente","slider_description":"","slider_slides":[{"slider_slide_image":1933,"slider_slide_title":"Trabajar con nosotros","slider_slide_text":"<p>Desde soluciones personalizadas e integraci\u00f3n hasta soporte continuo, espere una asociaci\u00f3n duradera y colaborativa con nosotros.<\/p>\n","slider_slide_link":{"title":"\u00bfPor qu\u00e9 nosotros?","url":"https:\/\/columbiaokura.com\/es\/quienes-somos\/","target":""}},{"slider_slide_image":1873,"slider_slide_title":"Servicio, mantenimiento y repuestos","slider_slide_text":"<p>Nuestros excelentes servicios de asistencia minimizan los periodos de inactividad y le permiten volver a trabajar r\u00e1pidamente.<\/p>\n","slider_slide_link":{"title":"Servicio, mantenimiento y repuestos","url":"https:\/\/columbiaokura.com\/es\/servicio-mantenimiento-y-repuestos\/","target":""}},{"slider_slide_image":1981,"slider_slide_title":"Adaptaciones","slider_slide_text":"<p>Explore la posibilidad de actualizar su sistema actual para aumentar la productividad y gestionar nuevos tipos de cargas.<\/p>\n","slider_slide_link":{"title":"Adaptaciones","url":"https:\/\/columbiaokura.com\/es\/adaptaciones\/","target":""}}],"block_background":"bg-charcoal","block_background_video_type":"url","block_background_video_url":"","block_background_video_file":false,"block_background_image":false,"block_background_overlay":false,"unique_id":"","layout_title":"","block_option_custom_class":"","block_option_padding":[],"block_option_hide":[]},{"acf_fc_layout":"accordion","accordion_title":"Encuentre respuestas a las preguntas m\u00e1s habituales sobre la sustituci\u00f3n del brazo rob\u00f3tico de su paletizador. ","accordion_description":"","accordion_items":[{"accordion_item-title":"\u00bfCu\u00e1ndo debo sustituir el brazo rob\u00f3tico de mi paletizador?","accordion_item-content":"<p>Aunque los brazos Columbia\/Okura que se instalaron hace m\u00e1s de 15 a\u00f1os siguen paletizando y funcionando bien, nuestros \u00faltimos robots paletizadores robotizados ofrecen valiosas actualizaciones.<\/p>\n<p>El ciclo de vida t\u00edpico de los robots paletizadores es de unos 15 a\u00f1os. Debido a la velocidad a la que cambia la tecnolog\u00eda, si tiene un brazo rob\u00f3tico de la generaci\u00f3n 5 (o anterior), es probable que haya llegado el momento de sustituirlo.<\/p>\n"},{"accordion_item-title":"\u00bfEn qu\u00e9 consiste la sustituci\u00f3n de un brazo?","accordion_item-content":"<p>La sustituci\u00f3n de su brazo rob\u00f3tico consiste en actualizar el brazo rob\u00f3tico, el controlador y el efector final a nuestro dise\u00f1o m\u00e1s reciente (generaci\u00f3n 7). Reutilizamos los transportadores y controles existentes. El cableado de la caja de conexiones existente y los cables del motor se aterrizar\u00e1n y cablear\u00e1n en el nuevo panel de control de equipos perif\u00e9ricos (panel PEC) y se controlar\u00e1n mediante un nuevo PLC Compact Logix.<\/p>\n"},{"accordion_item-title":"\u00bfQu\u00e9 otros equipos es necesario sustituir con el robot?","accordion_item-content":"<p>Si se va a sustituir un brazo, para cumplir las normas de seguridad actuales, es habitual que sea necesario actualizar los PLC de seguridad del panel para los controles, adem\u00e1s de a\u00f1adir interruptores de puerta y cortinas de luz para garantizar la seguridad de los operarios.<\/p>\n"}],"block_background":"bg-blue-gray","block_background_video_type":"url","block_background_video_url":"","block_background_video_file":false,"block_background_image":false,"block_background_overlay":false,"unique_id":"","layout_title":"","block_option_custom_class":"","block_option_padding":[],"block_option_hide":[]},{"acf_fc_layout":"global-block","block_group":2285}],"banner_default_title_override":"Programa de sustituci\u00f3n de brazos rob\u00f3ticos","banner_default_button_type":"none"},"_links":{"self":[{"href":"https:\/\/columbiaokura.com\/es\/wp-json\/wp\/v2\/pages\/2105","targetHints":{"allow":["GET"]}}],"collection":[{"href":"https:\/\/columbiaokura.com\/es\/wp-json\/wp\/v2\/pages"}],"about":[{"href":"https:\/\/columbiaokura.com\/es\/wp-json\/wp\/v2\/types\/page"}],"author":[{"embeddable":true,"href":"https:\/\/columbiaokura.com\/es\/wp-json\/wp\/v2\/users\/3"}],"replies":[{"embeddable":true,"href":"https:\/\/columbiaokura.com\/es\/wp-json\/wp\/v2\/comments?post=2105"}],"version-history":[{"count":4,"href":"https:\/\/columbiaokura.com\/es\/wp-json\/wp\/v2\/pages\/2105\/revisions"}],"predecessor-version":[{"id":3820,"href":"https:\/\/columbiaokura.com\/es\/wp-json\/wp\/v2\/pages\/2105\/revisions\/3820"}],"wp:featuredmedia":[{"embeddable":true,"href":"https:\/\/columbiaokura.com\/es\/wp-json\/wp\/v2\/media\/1869"}],"wp:attachment":[{"href":"https:\/\/columbiaokura.com\/es\/wp-json\/wp\/v2\/media?parent=2105"}],"curies":[{"name":"wp","href":"https:\/\/api.w.org\/{rel}","templated":true}]}}