{"id":2061,"date":"2023-08-01T16:02:02","date_gmt":"2023-08-01T16:02:02","guid":{"rendered":"https:\/\/columbiaokura.com\/empleo\/"},"modified":"2025-07-07T22:02:26","modified_gmt":"2025-07-07T22:02:26","slug":"empleo","status":"publish","type":"page","link":"https:\/\/columbiaokura.com\/es\/empleo\/","title":{"rendered":"Empleo"},"content":{"rendered":"","protected":false},"excerpt":{"rendered":"","protected":false},"author":4,"featured_media":0,"parent":0,"menu_order":6,"comment_status":"closed","ping_status":"closed","template":"","meta":{"_acf_changed":false,"footnotes":""},"class_list":["post-2061","page","type-page","status-publish","hentry"],"acf":[],"grav_blocks":[{"acf_fc_layout":"columns","columns_title":"","darken_text":false,"num_columns":"231","column_1":"<h3 style=\"text-align: left;\">Nuestro lugar de trabajo<\/h3>\n<p>Nuestra sede central se encuentra en Vancouver, Washington, una comunidad situada dentro del \u00e1rea metropolitana de Portland, Oreg\u00f3n. La mayor\u00eda de nuestros empleados trabajan en nuestra sede central, aunque tambi\u00e9n empleamos a t\u00e9cnicos de campo en ubicaciones de todo EE. UU. Nos esforzamos por crear un ambiente de equipo, en el que nuestros valores y nuestros clientes sean lo primero.<\/p>\n","column_2":"<h3 style=\"text-align: left;\">Ofrecemos<\/h3>\n<ul>\n<li>Seguro m\u00e9dico, dental, de vida y de discapacidad<\/li>\n<li>Plan de jubilaci\u00f3n 401(k)<\/li>\n<li>Oportunidades de promoci\u00f3n profesional<\/li>\n<li>Pago de vacaciones y d\u00edas festivos<\/li>\n<li>Reembolso total de la matr\u00edcula<\/li>\n<\/ul>\n","column_3":"","column_4":"","block_background":"block-bg-none","block_background_video_type":"url","block_background_video_url":"","block_background_video_file":false,"block_background_image":false,"block_background_overlay":false,"unique_id":"","layout_title":"","block_option_custom_class":"","block_option_padding":["block-options-padding-remove-bottom"],"block_option_hide":[]},{"acf_fc_layout":"media-content","video_type":"url","video_url":"","video_file":false,"video_attributes":["controls"],"embed":"","image":{"ID":1993,"id":1993,"title":"Casey + garrett_1.32.1","filename":"Casey-garrett_1.32.1.jpg","filesize":1322932,"url":"https:\/\/columbiaokura.com\/wp-content\/uploads\/2024\/06\/Casey-garrett_1.32.1.jpg","link":"https:\/\/columbiaokura.com\/es\/quienes-somos\/casey-garrett_1-32-1-2\/","alt":"","author":"3","description":"","caption":"","name":"casey-garrett_1-32-1-2","status":"inherit","uploaded_to":2056,"date":"2024-06-20 20:21:03","modified":"2024-07-12 14:46:27","menu_order":0,"mime_type":"image\/jpeg","type":"image","subtype":"jpeg","icon":"https:\/\/columbiaokura.com\/wp-includes\/images\/media\/default.png","width":1620,"height":1080,"sizes":{"thumbnail":"https:\/\/columbiaokura.com\/wp-content\/uploads\/2024\/06\/Casey-garrett_1.32.1-150x150.jpg","thumbnail-width":150,"thumbnail-height":150,"medium":"https:\/\/columbiaokura.com\/wp-content\/uploads\/2024\/06\/Casey-garrett_1.32.1-300x200.jpg","medium-width":300,"medium-height":200,"medium_large":"https:\/\/columbiaokura.com\/wp-content\/uploads\/2024\/06\/Casey-garrett_1.32.1-768x512.jpg","medium_large-width":768,"medium_large-height":512,"large":"https:\/\/columbiaokura.com\/wp-content\/uploads\/2024\/06\/Casey-garrett_1.32.1-1024x683.jpg","large-width":1024,"large-height":683,"1536x1536":"https:\/\/columbiaokura.com\/wp-content\/uploads\/2024\/06\/Casey-garrett_1.32.1-1536x1024.jpg","1536x1536-width":1536,"1536x1536-height":1024,"2048x2048":"https:\/\/columbiaokura.com\/wp-content\/uploads\/2024\/06\/Casey-garrett_1.32.1.jpg","2048x2048-width":1620,"2048x2048-height":1080,"post-thumbnail":"https:\/\/columbiaokura.com\/wp-content\/uploads\/2024\/06\/Casey-garrett_1.32.1-300x300.jpg","post-thumbnail-width":300,"post-thumbnail-height":300,"small":"https:\/\/columbiaokura.com\/wp-content\/uploads\/2024\/06\/Casey-garrett_1.32.1-300x200.jpg","small-width":300,"small-height":200,"xlarge":"https:\/\/columbiaokura.com\/wp-content\/uploads\/2024\/06\/Casey-garrett_1.32.1-1440x960.jpg","xlarge-width":1440,"xlarge-height":960,"gform-image-choice-sm":"https:\/\/columbiaokura.com\/wp-content\/uploads\/2024\/06\/Casey-garrett_1.32.1.jpg","gform-image-choice-sm-width":300,"gform-image-choice-sm-height":200,"gform-image-choice-md":"https:\/\/columbiaokura.com\/wp-content\/uploads\/2024\/06\/Casey-garrett_1.32.1.jpg","gform-image-choice-md-width":400,"gform-image-choice-md-height":267,"gform-image-choice-lg":"https:\/\/columbiaokura.com\/wp-content\/uploads\/2024\/06\/Casey-garrett_1.32.1.jpg","gform-image-choice-lg-width":600,"gform-image-choice-lg-height":400}},"media-content_image_background":"none","content":"<h3 style=\"text-align: left;\">Puestos vacantes<\/h3>\n<p>Echa un vistazo a nuestros puestos vacantes a trav\u00e9s de nuestra plataforma de RR. HH. \u00bfNo encuentra el puesto que busca? Env\u00ede una solicitud abierta a trav\u00e9s de la publicaci\u00f3n de empleo \u00abOtras consultas\u00bb para asegurarse de que se le tiene en cuenta para futuros puestos que coincidan con sus habilidades y preferencias.<\/p>\n<p><a class=\"button\" href=\"https:\/\/www.paycomonline.net\/v4\/ats\/web.php\/jobs?clientkey=54CFB0481E367DFCB142C0C5454EF8C9\">Puestos disponibles<\/a><\/p>\n","block_background":"bg-light","block_background_video_type":"url","block_background_video_url":"","block_background_video_file":false,"block_background_image":false,"block_background_overlay":false,"unique_id":"","layout_title":"","block_option_custom_class":"","block_option_padding":[],"block_option_hide":[],"media_type":"","image_placement":"left","image_size":"6","image_format":""},{"acf_fc_layout":"testimonial","testimonial_pre-heading":"","testimonial_testimonial":"Me gusta trabajar con mis compa\u00f1eros de departamento, realmente trabajamos como un equipo y se toman el tiempo para formarme y apoyarme en el proceso de aprendizaje.","testimonial_attribution":"Vicki McCloe, Administradora de Ventas y Servicios","block_background":"bg-blue","block_background_video_type":"url","block_background_video_url":"","block_background_video_file":false,"block_background_image":false,"block_background_overlay":false,"unique_id":"","layout_title":"","block_option_custom_class":"","block_option_padding":[],"block_option_hide":[]},{"acf_fc_layout":"slider","slider_title":"Conozca nuestros productos y servicios","slider_description":"","slider_slides":[{"slider_slide_image":1933,"slider_slide_title":"Trabajar con nosotros","slider_slide_text":"<p>Desde soluciones personalizadas e integraci\u00f3n hasta soporte continuo, espere una asociaci\u00f3n duradera y colaborativa con nosotros.<\/p>\n","slider_slide_link":{"title":"Servicios de atenci\u00f3n al cliente","url":"https:\/\/columbiaokura.com\/es\/servicios-de-atencion-al-cliente\/","target":""}},{"slider_slide_image":1877,"slider_slide_title":"Robots industriales","slider_slide_text":"<p>Los robots industriales pueden paletizar cargas pesadas de bebidas embotelladas en vidrio.<\/p>\n","slider_slide_link":{"title":"Paletizadores robotizados industriales","url":"https:\/\/columbiaokura.com\/es\/paletizadores-robotizados-industriales\/","target":""}},{"slider_slide_image":1873,"slider_slide_title":"Servicio, mantenimiento y repuestos","slider_slide_text":"<p>Nuestros excelentes servicios de asistencia minimizan los periodos de inactividad y le permiten volver a trabajar r\u00e1pidamente.<\/p>\n","slider_slide_link":{"title":"Servicio, mantenimiento y repuestos","url":"https:\/\/columbiaokura.com\/es\/servicio-mantenimiento-y-repuestos\/","target":""}},{"slider_slide_image":1833,"slider_slide_title":"Robots colaborativos","slider_slide_text":"<p>Los cobots paletizan cargas de hasta 66 lb y ofrecen opciones de herramientas multi-pick.<\/p>\n","slider_slide_link":{"title":"Robots colaborativos","url":"https:\/\/columbiaokura.com\/es\/robots-colaborativos\/","target":""}}],"block_background":"block-bg-none","block_background_video_type":"url","block_background_video_url":"","block_background_video_file":false,"block_background_image":false,"block_background_overlay":false,"unique_id":"","layout_title":"","block_option_custom_class":"","block_option_padding":[],"block_option_hide":[]}],"ACF":{"banner_background_type":"image","banner_background_image":{"ID":1841,"id":1841,"title":"DSC01821","filename":"DSC01821-scaled.jpg","filesize":1015390,"url":"https:\/\/columbiaokura.com\/wp-content\/uploads\/2024\/05\/DSC01821-scaled.jpg","link":"https:\/\/columbiaokura.com\/es\/quienes-somos\/dsc01821-2\/","alt":"","author":"3","description":"","caption":"","name":"dsc01821-2","status":"inherit","uploaded_to":2056,"date":"2024-05-20 01:40:56","modified":"2024-07-12 14:46:27","menu_order":0,"mime_type":"image\/jpeg","type":"image","subtype":"jpeg","icon":"https:\/\/columbiaokura.com\/wp-includes\/images\/media\/default.png","width":2560,"height":1710,"sizes":{"thumbnail":"https:\/\/columbiaokura.com\/wp-content\/uploads\/2024\/05\/DSC01821-150x150.jpg","thumbnail-width":150,"thumbnail-height":150,"medium":"https:\/\/columbiaokura.com\/wp-content\/uploads\/2024\/05\/DSC01821-300x200.jpg","medium-width":300,"medium-height":200,"medium_large":"https:\/\/columbiaokura.com\/wp-content\/uploads\/2024\/05\/DSC01821-768x513.jpg","medium_large-width":768,"medium_large-height":513,"large":"https:\/\/columbiaokura.com\/wp-content\/uploads\/2024\/05\/DSC01821-1024x684.jpg","large-width":1024,"large-height":684,"1536x1536":"https:\/\/columbiaokura.com\/wp-content\/uploads\/2024\/05\/DSC01821-1536x1026.jpg","1536x1536-width":1536,"1536x1536-height":1026,"2048x2048":"https:\/\/columbiaokura.com\/wp-content\/uploads\/2024\/05\/DSC01821-2048x1368.jpg","2048x2048-width":2048,"2048x2048-height":1368,"post-thumbnail":"https:\/\/columbiaokura.com\/wp-content\/uploads\/2024\/05\/DSC01821-300x300.jpg","post-thumbnail-width":300,"post-thumbnail-height":300,"small":"https:\/\/columbiaokura.com\/wp-content\/uploads\/2024\/05\/DSC01821-300x200.jpg","small-width":300,"small-height":200,"xlarge":"https:\/\/columbiaokura.com\/wp-content\/uploads\/2024\/05\/DSC01821-1440x962.jpg","xlarge-width":1440,"xlarge-height":962,"gform-image-choice-sm":"https:\/\/columbiaokura.com\/wp-content\/uploads\/2024\/05\/DSC01821-scaled.jpg","gform-image-choice-sm-width":300,"gform-image-choice-sm-height":200,"gform-image-choice-md":"https:\/\/columbiaokura.com\/wp-content\/uploads\/2024\/05\/DSC01821-scaled.jpg","gform-image-choice-md-width":400,"gform-image-choice-md-height":267,"gform-image-choice-lg":"https:\/\/columbiaokura.com\/wp-content\/uploads\/2024\/05\/DSC01821-scaled.jpg","gform-image-choice-lg-width":600,"gform-image-choice-lg-height":401}},"banner_background_image_pos_horz":"50","banner_background_image_pos_vert":"50","grav_blocks":[{"acf_fc_layout":"columns","columns_title":"","darken_text":false,"num_columns":"231","column_1":"<h3 style=\"text-align: left;\">Nuestro lugar de trabajo<\/h3>\n<p>Nuestra sede central se encuentra en Vancouver, Washington, una comunidad situada dentro del \u00e1rea metropolitana de Portland, Oreg\u00f3n. La mayor\u00eda de nuestros empleados trabajan en nuestra sede central, aunque tambi\u00e9n empleamos a t\u00e9cnicos de campo en ubicaciones de todo EE. UU. Nos esforzamos por crear un ambiente de equipo, en el que nuestros valores y nuestros clientes sean lo primero.<\/p>\n","column_2":"<h3 style=\"text-align: left;\">Ofrecemos<\/h3>\n<ul>\n<li>Seguro m\u00e9dico, dental, de vida y de discapacidad<\/li>\n<li>Plan de jubilaci\u00f3n 401(k)<\/li>\n<li>Oportunidades de promoci\u00f3n profesional<\/li>\n<li>Pago de vacaciones y d\u00edas festivos<\/li>\n<li>Reembolso total de la matr\u00edcula<\/li>\n<\/ul>\n","column_3":"","column_4":"","block_background":"block-bg-none","block_background_video_type":"url","block_background_video_url":"","block_background_video_file":false,"block_background_image":false,"block_background_overlay":false,"unique_id":"","layout_title":"","block_option_custom_class":"","block_option_padding":["block-options-padding-remove-bottom"],"block_option_hide":[]},{"acf_fc_layout":"media-content","video_type":"url","video_url":"","video_file":false,"video_attributes":["controls"],"embed":"","image":{"ID":1993,"id":1993,"title":"Casey + garrett_1.32.1","filename":"Casey-garrett_1.32.1.jpg","filesize":1322932,"url":"https:\/\/columbiaokura.com\/wp-content\/uploads\/2024\/06\/Casey-garrett_1.32.1.jpg","link":"https:\/\/columbiaokura.com\/es\/quienes-somos\/casey-garrett_1-32-1-2\/","alt":"","author":"3","description":"","caption":"","name":"casey-garrett_1-32-1-2","status":"inherit","uploaded_to":2056,"date":"2024-06-20 20:21:03","modified":"2024-07-12 14:46:27","menu_order":0,"mime_type":"image\/jpeg","type":"image","subtype":"jpeg","icon":"https:\/\/columbiaokura.com\/wp-includes\/images\/media\/default.png","width":1620,"height":1080,"sizes":{"thumbnail":"https:\/\/columbiaokura.com\/wp-content\/uploads\/2024\/06\/Casey-garrett_1.32.1-150x150.jpg","thumbnail-width":150,"thumbnail-height":150,"medium":"https:\/\/columbiaokura.com\/wp-content\/uploads\/2024\/06\/Casey-garrett_1.32.1-300x200.jpg","medium-width":300,"medium-height":200,"medium_large":"https:\/\/columbiaokura.com\/wp-content\/uploads\/2024\/06\/Casey-garrett_1.32.1-768x512.jpg","medium_large-width":768,"medium_large-height":512,"large":"https:\/\/columbiaokura.com\/wp-content\/uploads\/2024\/06\/Casey-garrett_1.32.1-1024x683.jpg","large-width":1024,"large-height":683,"1536x1536":"https:\/\/columbiaokura.com\/wp-content\/uploads\/2024\/06\/Casey-garrett_1.32.1-1536x1024.jpg","1536x1536-width":1536,"1536x1536-height":1024,"2048x2048":"https:\/\/columbiaokura.com\/wp-content\/uploads\/2024\/06\/Casey-garrett_1.32.1.jpg","2048x2048-width":1620,"2048x2048-height":1080,"post-thumbnail":"https:\/\/columbiaokura.com\/wp-content\/uploads\/2024\/06\/Casey-garrett_1.32.1-300x300.jpg","post-thumbnail-width":300,"post-thumbnail-height":300,"small":"https:\/\/columbiaokura.com\/wp-content\/uploads\/2024\/06\/Casey-garrett_1.32.1-300x200.jpg","small-width":300,"small-height":200,"xlarge":"https:\/\/columbiaokura.com\/wp-content\/uploads\/2024\/06\/Casey-garrett_1.32.1-1440x960.jpg","xlarge-width":1440,"xlarge-height":960,"gform-image-choice-sm":"https:\/\/columbiaokura.com\/wp-content\/uploads\/2024\/06\/Casey-garrett_1.32.1.jpg","gform-image-choice-sm-width":300,"gform-image-choice-sm-height":200,"gform-image-choice-md":"https:\/\/columbiaokura.com\/wp-content\/uploads\/2024\/06\/Casey-garrett_1.32.1.jpg","gform-image-choice-md-width":400,"gform-image-choice-md-height":267,"gform-image-choice-lg":"https:\/\/columbiaokura.com\/wp-content\/uploads\/2024\/06\/Casey-garrett_1.32.1.jpg","gform-image-choice-lg-width":600,"gform-image-choice-lg-height":400}},"media-content_image_background":"none","content":"<h3 style=\"text-align: left;\">Puestos vacantes<\/h3>\n<p>Echa un vistazo a nuestros puestos vacantes a trav\u00e9s de nuestra plataforma de RR. HH. \u00bfNo encuentra el puesto que busca? Env\u00ede una solicitud abierta a trav\u00e9s de la publicaci\u00f3n de empleo \u00abOtras consultas\u00bb para asegurarse de que se le tiene en cuenta para futuros puestos que coincidan con sus habilidades y preferencias.<\/p>\n<p><a class=\"button\" href=\"https:\/\/www.paycomonline.net\/v4\/ats\/web.php\/jobs?clientkey=54CFB0481E367DFCB142C0C5454EF8C9\">Puestos disponibles<\/a><\/p>\n","block_background":"bg-light","block_background_video_type":"url","block_background_video_url":"","block_background_video_file":false,"block_background_image":false,"block_background_overlay":false,"unique_id":"","layout_title":"","block_option_custom_class":"","block_option_padding":[],"block_option_hide":[],"media_type":"","image_placement":"left","image_size":"6","image_format":""},{"acf_fc_layout":"testimonial","testimonial_pre-heading":"","testimonial_testimonial":"Me gusta trabajar con mis compa\u00f1eros de departamento, realmente trabajamos como un equipo y se toman el tiempo para formarme y apoyarme en el proceso de aprendizaje.","testimonial_attribution":"Vicki McCloe, Administradora de Ventas y Servicios","block_background":"bg-blue","block_background_video_type":"url","block_background_video_url":"","block_background_video_file":false,"block_background_image":false,"block_background_overlay":false,"unique_id":"","layout_title":"","block_option_custom_class":"","block_option_padding":[],"block_option_hide":[]},{"acf_fc_layout":"slider","slider_title":"Conozca nuestros productos y servicios","slider_description":"","slider_slides":[{"slider_slide_image":1933,"slider_slide_title":"Trabajar con nosotros","slider_slide_text":"<p>Desde soluciones personalizadas e integraci\u00f3n hasta soporte continuo, espere una asociaci\u00f3n duradera y colaborativa con nosotros.<\/p>\n","slider_slide_link":{"title":"Servicios de atenci\u00f3n al cliente","url":"https:\/\/columbiaokura.com\/es\/servicios-de-atencion-al-cliente\/","target":""}},{"slider_slide_image":1877,"slider_slide_title":"Robots industriales","slider_slide_text":"<p>Los robots industriales pueden paletizar cargas pesadas de bebidas embotelladas en vidrio.<\/p>\n","slider_slide_link":{"title":"Paletizadores robotizados industriales","url":"https:\/\/columbiaokura.com\/es\/paletizadores-robotizados-industriales\/","target":""}},{"slider_slide_image":1873,"slider_slide_title":"Servicio, mantenimiento y repuestos","slider_slide_text":"<p>Nuestros excelentes servicios de asistencia minimizan los periodos de inactividad y le permiten volver a trabajar r\u00e1pidamente.<\/p>\n","slider_slide_link":{"title":"Servicio, mantenimiento y repuestos","url":"https:\/\/columbiaokura.com\/es\/servicio-mantenimiento-y-repuestos\/","target":""}},{"slider_slide_image":1833,"slider_slide_title":"Robots colaborativos","slider_slide_text":"<p>Los cobots paletizan cargas de hasta 66 lb y ofrecen opciones de herramientas multi-pick.<\/p>\n","slider_slide_link":{"title":"Robots colaborativos","url":"https:\/\/columbiaokura.com\/es\/robots-colaborativos\/","target":""}}],"block_background":"block-bg-none","block_background_video_type":"url","block_background_video_url":"","block_background_video_file":false,"block_background_image":false,"block_background_overlay":false,"unique_id":"","layout_title":"","block_option_custom_class":"","block_option_padding":[],"block_option_hide":[]}],"banner_default_title_override":"Empleo","banner_default_description":"<p>Columbia\/Okura es una peque\u00f1a empresa familiar l\u00edder en su sector. Si usted encaja con los valores de nuestra empresa y est\u00e1 entusiasmado con una carrera en ingenier\u00eda rob\u00f3tica, nos gustar\u00eda saber de usted.<\/p>\n","banner_default_button_type":"url","banner_default_button_text":"Ver puestos vacantes","banner_default_button_url":"https:\/\/www.paycomonline.net\/v4\/ats\/web.php\/jobs?clientkey=54CFB0481E367DFCB142C0C5454EF8C9","banner_default_button_style":"","banner_quick-nav":false},"_links":{"self":[{"href":"https:\/\/columbiaokura.com\/es\/wp-json\/wp\/v2\/pages\/2061","targetHints":{"allow":["GET"]}}],"collection":[{"href":"https:\/\/columbiaokura.com\/es\/wp-json\/wp\/v2\/pages"}],"about":[{"href":"https:\/\/columbiaokura.com\/es\/wp-json\/wp\/v2\/types\/page"}],"author":[{"embeddable":true,"href":"https:\/\/columbiaokura.com\/es\/wp-json\/wp\/v2\/users\/4"}],"replies":[{"embeddable":true,"href":"https:\/\/columbiaokura.com\/es\/wp-json\/wp\/v2\/comments?post=2061"}],"version-history":[{"count":3,"href":"https:\/\/columbiaokura.com\/es\/wp-json\/wp\/v2\/pages\/2061\/revisions"}],"predecessor-version":[{"id":3802,"href":"https:\/\/columbiaokura.com\/es\/wp-json\/wp\/v2\/pages\/2061\/revisions\/3802"}],"wp:attachment":[{"href":"https:\/\/columbiaokura.com\/es\/wp-json\/wp\/v2\/media?parent=2061"}],"curies":[{"name":"wp","href":"https:\/\/api.w.org\/{rel}","templated":true}]}}