{"id":2646,"date":"2024-07-23T17:27:08","date_gmt":"2024-07-23T17:27:08","guid":{"rendered":"https:\/\/columbiaokura.com\/?page_id=2646"},"modified":"2025-07-07T21:57:06","modified_gmt":"2025-07-07T21:57:06","slug":"contato-suporte-remoto","status":"publish","type":"page","link":"https:\/\/columbiaokura.com\/br\/contato-suporte-remoto\/","title":{"rendered":"Contate-nos &#8211; SUPORTE REMOTO"},"content":{"rendered":"","protected":false},"excerpt":{"rendered":"","protected":false},"author":3,"featured_media":0,"parent":0,"menu_order":5,"comment_status":"closed","ping_status":"closed","template":"templates\/page-contact.php","meta":{"_acf_changed":false,"footnotes":""},"class_list":["post-2646","page","type-page","status-publish","hentry"],"acf":[],"grav_blocks":[{"acf_fc_layout":"form","form_title":"","gate_content":false,"gated_gravity_form":false,"gated_form_content":"","gravity_form":"8","embed_form":"","shortcode_form":"","form_footer_text":"","content":"<h1>ENTRE EM CONTATO COM NOSSO DEPARTAMENTO DE SUPORTE REMOTO<\/h1>\n<p>Cada um de nossos paletizadores rob\u00f3ticos industriais est\u00e1 equipado com um roteador industrial capaz de fornecer acesso remoto. O roteador fornece fun\u00e7\u00f5es de seguran\u00e7a robustas e com classifica\u00e7\u00e3o industrial, incluindo firewall, roteamento e VPN para redes industriais. O gateway da VPN permite suporte remoto seguro atrav\u00e9s de um servi\u00e7o de nuvem de terceiros.<\/p>\n<p>Envie uma solicita\u00e7\u00e3o de servi\u00e7o preenchendo o formul\u00e1rio e um membro de nossa equipe responder\u00e1 dentro de dois dias \u00fateis.<\/p>\n<p><strong>Endere\u00e7o postal<\/strong><\/p>\n<p>301 Grove Street<br \/>\nVancouver, WA 98661<br \/>\nEstados Unidos<\/p>\n<p><strong>N\u00famero de telefone<\/strong><\/p>\n<p>+1 (877) 204 7444<\/p>\n","block_background":"block-bg-none","block_background_video_type":"url","block_background_video_url":"","block_background_video_file":false,"block_background_image":false,"block_background_overlay":false,"unique_id":"","layout_title":"","block_option_custom_class":"","block_option_padding":[],"block_option_hide":[],"form_type":"gravity","form_background":"block-bg-none","form_placement":"left"}],"ACF":{"banner_default_title_override":"","banner_default_description":"","banner_default_button_type":"none","banner_background_type":"image","banner_background_image":false,"banner_background_image_pos_horz":"50","banner_background_image_pos_vert":"50","banner_quick-nav":false,"grav_blocks":[{"acf_fc_layout":"form","form_title":"","gate_content":false,"gated_gravity_form":false,"gated_form_content":"","gravity_form":"8","embed_form":"","shortcode_form":"","form_footer_text":"","content":"<h1>ENTRE EM CONTATO COM NOSSO DEPARTAMENTO DE SUPORTE REMOTO<\/h1>\n<p>Cada um de nossos paletizadores rob\u00f3ticos industriais est\u00e1 equipado com um roteador industrial capaz de fornecer acesso remoto. O roteador fornece fun\u00e7\u00f5es de seguran\u00e7a robustas e com classifica\u00e7\u00e3o industrial, incluindo firewall, roteamento e VPN para redes industriais. O gateway da VPN permite suporte remoto seguro atrav\u00e9s de um servi\u00e7o de nuvem de terceiros.<\/p>\n<p>Envie uma solicita\u00e7\u00e3o de servi\u00e7o preenchendo o formul\u00e1rio e um membro de nossa equipe responder\u00e1 dentro de dois dias \u00fateis.<\/p>\n<p><strong>Endere\u00e7o postal<\/strong><\/p>\n<p>301 Grove Street<br \/>\nVancouver, WA 98661<br \/>\nEstados Unidos<\/p>\n<p><strong>N\u00famero de telefone<\/strong><\/p>\n<p>+1 (877) 204 7444<\/p>\n","block_background":"block-bg-none","block_background_video_type":"url","block_background_video_url":"","block_background_video_file":false,"block_background_image":false,"block_background_overlay":false,"unique_id":"","layout_title":"","block_option_custom_class":"","block_option_padding":[],"block_option_hide":[],"form_type":"gravity","form_background":"block-bg-none","form_placement":"left"}]},"_links":{"self":[{"href":"https:\/\/columbiaokura.com\/br\/wp-json\/wp\/v2\/pages\/2646","targetHints":{"allow":["GET"]}}],"collection":[{"href":"https:\/\/columbiaokura.com\/br\/wp-json\/wp\/v2\/pages"}],"about":[{"href":"https:\/\/columbiaokura.com\/br\/wp-json\/wp\/v2\/types\/page"}],"author":[{"embeddable":true,"href":"https:\/\/columbiaokura.com\/br\/wp-json\/wp\/v2\/users\/3"}],"replies":[{"embeddable":true,"href":"https:\/\/columbiaokura.com\/br\/wp-json\/wp\/v2\/comments?post=2646"}],"version-history":[{"count":4,"href":"https:\/\/columbiaokura.com\/br\/wp-json\/wp\/v2\/pages\/2646\/revisions"}],"predecessor-version":[{"id":3791,"href":"https:\/\/columbiaokura.com\/br\/wp-json\/wp\/v2\/pages\/2646\/revisions\/3791"}],"wp:attachment":[{"href":"https:\/\/columbiaokura.com\/br\/wp-json\/wp\/v2\/media?parent=2646"}],"curies":[{"name":"wp","href":"https:\/\/api.w.org\/{rel}","templated":true}]}}