{"id":2267,"date":"2023-08-01T16:02:02","date_gmt":"2023-08-01T16:02:02","guid":{"rendered":"https:\/\/columbiaokura.com\/contate-nos\/"},"modified":"2025-07-07T22:06:24","modified_gmt":"2025-07-07T22:06:24","slug":"contate-nos","status":"publish","type":"page","link":"https:\/\/columbiaokura.com\/br\/contate-nos\/","title":{"rendered":"Contate-nos"},"content":{"rendered":"","protected":false},"excerpt":{"rendered":"","protected":false},"author":4,"featured_media":0,"parent":0,"menu_order":7,"comment_status":"closed","ping_status":"closed","template":"templates\/page-contact.php","meta":{"_acf_changed":false,"footnotes":""},"class_list":["post-2267","page","type-page","status-publish","hentry"],"acf":[],"grav_blocks":[{"acf_fc_layout":"form","form_title":"","gate_content":false,"gated_gravity_form":false,"gated_form_content":"","gravity_form":"1","embed_form":"","shortcode_form":"","form_footer_text":"","content":"<h1>Contate-nos<\/h1>\n<p>Contate-nos a qualquer momento em <a href=\"mailto:support@colmac.com\" target=\"_blank\" rel=\"noopener\">support@colmac.com<\/a><\/p>\n<p>Com sede no noroeste do Pac\u00edfico, a Columbia\/Okura \u00e9 um \u00f3timo lugar para visitar. A meio caminho entre as montanhas e a costa, voc\u00ea deve sempre planejar ficar um ou dois dias extras quando viajar para c\u00e1 para explorar a \u00e1rea local<\/p>\n<h6>Endere\u00e7o postal<\/h6>\n<p>301 Grove Street<br \/>\nVancouver, WA 98661<br \/>\nEstados Unidos<\/p>\n<h6>N\u00famero de telefone<\/h6>\n<p>+1 (877) 204 7444<\/p>\n","block_background":"bg-charcoal","block_background_video_type":"url","block_background_video_url":"","block_background_video_file":false,"block_background_image":false,"block_background_overlay":false,"unique_id":"","layout_title":"","block_option_custom_class":"","block_option_padding":[],"block_option_hide":[],"form_type":"gravity","form_background":"block-bg-none","form_placement":"right"}],"ACF":{"grav_blocks":[{"acf_fc_layout":"form","form_title":"","gate_content":false,"gated_gravity_form":false,"gated_form_content":"","gravity_form":"1","embed_form":"","shortcode_form":"","form_footer_text":"","content":"<h1>Contate-nos<\/h1>\n<p>Contate-nos a qualquer momento em <a href=\"mailto:support@colmac.com\" target=\"_blank\" rel=\"noopener\">support@colmac.com<\/a><\/p>\n<p>Com sede no noroeste do Pac\u00edfico, a Columbia\/Okura \u00e9 um \u00f3timo lugar para visitar. A meio caminho entre as montanhas e a costa, voc\u00ea deve sempre planejar ficar um ou dois dias extras quando viajar para c\u00e1 para explorar a \u00e1rea local<\/p>\n<h6>Endere\u00e7o postal<\/h6>\n<p>301 Grove Street<br \/>\nVancouver, WA 98661<br \/>\nEstados Unidos<\/p>\n<h6>N\u00famero de telefone<\/h6>\n<p>+1 (877) 204 7444<\/p>\n","block_background":"bg-charcoal","block_background_video_type":"url","block_background_video_url":"","block_background_video_file":false,"block_background_image":false,"block_background_overlay":false,"unique_id":"","layout_title":"","block_option_custom_class":"","block_option_padding":[],"block_option_hide":[],"form_type":"gravity","form_background":"block-bg-none","form_placement":"right"}]},"_links":{"self":[{"href":"https:\/\/columbiaokura.com\/br\/wp-json\/wp\/v2\/pages\/2267","targetHints":{"allow":["GET"]}}],"collection":[{"href":"https:\/\/columbiaokura.com\/br\/wp-json\/wp\/v2\/pages"}],"about":[{"href":"https:\/\/columbiaokura.com\/br\/wp-json\/wp\/v2\/types\/page"}],"author":[{"embeddable":true,"href":"https:\/\/columbiaokura.com\/br\/wp-json\/wp\/v2\/users\/4"}],"replies":[{"embeddable":true,"href":"https:\/\/columbiaokura.com\/br\/wp-json\/wp\/v2\/comments?post=2267"}],"version-history":[{"count":3,"href":"https:\/\/columbiaokura.com\/br\/wp-json\/wp\/v2\/pages\/2267\/revisions"}],"predecessor-version":[{"id":3808,"href":"https:\/\/columbiaokura.com\/br\/wp-json\/wp\/v2\/pages\/2267\/revisions\/3808"}],"wp:attachment":[{"href":"https:\/\/columbiaokura.com\/br\/wp-json\/wp\/v2\/media?parent=2267"}],"curies":[{"name":"wp","href":"https:\/\/api.w.org\/{rel}","templated":true}]}}