{"id":2257,"date":"2024-07-17T20:32:27","date_gmt":"2024-07-17T20:32:27","guid":{"rendered":"https:\/\/columbiaokura.com\/contato-treinamento\/"},"modified":"2025-07-07T22:07:45","modified_gmt":"2025-07-07T22:07:45","slug":"contato-treinamento","status":"publish","type":"page","link":"https:\/\/columbiaokura.com\/br\/contato-treinamento\/","title":{"rendered":"CONTATO &#8211; Treinamento"},"content":{"rendered":"","protected":false},"excerpt":{"rendered":"","protected":false},"author":4,"featured_media":0,"parent":0,"menu_order":7,"comment_status":"closed","ping_status":"closed","template":"templates\/page-contact.php","meta":{"_acf_changed":false,"footnotes":""},"class_list":["post-2257","page","type-page","status-publish","hentry"],"acf":[],"grav_blocks":[{"acf_fc_layout":"form","form_title":"","gate_content":false,"gated_gravity_form":false,"gated_form_content":"","gravity_form":"1","embed_form":"","shortcode_form":"","form_footer_text":"","content":"<h1>ENTRE EM CONTATO CONOSCO para agendar um treinamento<\/h1>\n<p>O treinamento inicial para operadores de sistema e pessoal de manuten\u00e7\u00e3o tamb\u00e9m ocorre em nossas instala\u00e7\u00f5es, antes de o sistema ser instalado em suas instala\u00e7\u00f5es.<\/p>\n<p>Ap\u00f3s o treinamento inicial, entre em contato conosco para agendar treinamentos para novos funcion\u00e1rios e saiba que estamos aqui para ajud\u00e1-lo 24 horas por dia, 7 dias por semana, com suporte t\u00e9cnico robusto.<\/p>\n<p><strong>Endere\u00e7o postal<\/strong><\/p>\n<p>301 Grove Street<br \/>\nVancouver, WA 98661<br \/>\nEstados Unidos<\/p>\n<p><strong>N\u00famero de telefone<\/strong><\/p>\n<p>+1 (877) 204 7444<\/p>\n","block_background":"bg-charcoal","block_background_video_type":"url","block_background_video_url":"","block_background_video_file":false,"block_background_image":false,"block_background_overlay":false,"unique_id":"","layout_title":"","block_option_custom_class":"","block_option_padding":[],"block_option_hide":[],"form_type":"gravity","form_background":"block-bg-none","form_placement":"right"}],"ACF":{"grav_blocks":[{"acf_fc_layout":"form","form_title":"","gate_content":false,"gated_gravity_form":false,"gated_form_content":"","gravity_form":"1","embed_form":"","shortcode_form":"","form_footer_text":"","content":"<h1>ENTRE EM CONTATO CONOSCO para agendar um treinamento<\/h1>\n<p>O treinamento inicial para operadores de sistema e pessoal de manuten\u00e7\u00e3o tamb\u00e9m ocorre em nossas instala\u00e7\u00f5es, antes de o sistema ser instalado em suas instala\u00e7\u00f5es.<\/p>\n<p>Ap\u00f3s o treinamento inicial, entre em contato conosco para agendar treinamentos para novos funcion\u00e1rios e saiba que estamos aqui para ajud\u00e1-lo 24 horas por dia, 7 dias por semana, com suporte t\u00e9cnico robusto.<\/p>\n<p><strong>Endere\u00e7o postal<\/strong><\/p>\n<p>301 Grove Street<br \/>\nVancouver, WA 98661<br \/>\nEstados Unidos<\/p>\n<p><strong>N\u00famero de telefone<\/strong><\/p>\n<p>+1 (877) 204 7444<\/p>\n","block_background":"bg-charcoal","block_background_video_type":"url","block_background_video_url":"","block_background_video_file":false,"block_background_image":false,"block_background_overlay":false,"unique_id":"","layout_title":"","block_option_custom_class":"","block_option_padding":[],"block_option_hide":[],"form_type":"gravity","form_background":"block-bg-none","form_placement":"right"}]},"_links":{"self":[{"href":"https:\/\/columbiaokura.com\/br\/wp-json\/wp\/v2\/pages\/2257","targetHints":{"allow":["GET"]}}],"collection":[{"href":"https:\/\/columbiaokura.com\/br\/wp-json\/wp\/v2\/pages"}],"about":[{"href":"https:\/\/columbiaokura.com\/br\/wp-json\/wp\/v2\/types\/page"}],"author":[{"embeddable":true,"href":"https:\/\/columbiaokura.com\/br\/wp-json\/wp\/v2\/users\/4"}],"replies":[{"embeddable":true,"href":"https:\/\/columbiaokura.com\/br\/wp-json\/wp\/v2\/comments?post=2257"}],"version-history":[{"count":5,"href":"https:\/\/columbiaokura.com\/br\/wp-json\/wp\/v2\/pages\/2257\/revisions"}],"predecessor-version":[{"id":3809,"href":"https:\/\/columbiaokura.com\/br\/wp-json\/wp\/v2\/pages\/2257\/revisions\/3809"}],"wp:attachment":[{"href":"https:\/\/columbiaokura.com\/br\/wp-json\/wp\/v2\/media?parent=2257"}],"curies":[{"name":"wp","href":"https:\/\/api.w.org\/{rel}","templated":true}]}}