{"id":2255,"date":"2024-07-17T20:30:27","date_gmt":"2024-07-17T20:30:27","guid":{"rendered":"https:\/\/columbiaokura.com\/contato-pecas\/"},"modified":"2025-07-07T22:01:46","modified_gmt":"2025-07-07T22:01:46","slug":"contato-pecas","status":"publish","type":"page","link":"https:\/\/columbiaokura.com\/br\/contato-pecas\/","title":{"rendered":"CONTATO &#8211; PE\u00c7AS"},"content":{"rendered":"","protected":false},"excerpt":{"rendered":"","protected":false},"author":4,"featured_media":0,"parent":0,"menu_order":6,"comment_status":"closed","ping_status":"closed","template":"templates\/page-contact.php","meta":{"_acf_changed":false,"footnotes":""},"class_list":["post-2255","page","type-page","status-publish","hentry"],"acf":[],"grav_blocks":[{"acf_fc_layout":"form","form_title":"","gate_content":false,"gated_gravity_form":false,"gated_form_content":"","gravity_form":"6","embed_form":"","shortcode_form":"","form_footer_text":"","content":"<h1>ENTRE EM CONTATO COM NOSSO DEPARTAMENTO DE PE\u00c7AS<\/h1>\n<p>Fornecendo pe\u00e7as originais OEM, al\u00e9m do suporte 24 horas por dia, 7 dias por semana, estamos prontos para ajudar. Armazenamos uma gama completa de pe\u00e7as em nossa sede em Vancouver, WA, para minimizar o tempo de inatividade caso um evento inesperado aconte\u00e7a. Envie uma solicita\u00e7\u00e3o de pe\u00e7as preenchendo o formul\u00e1rio e um membro de nossa equipe responder\u00e1 dentro de dois dias \u00fateis.<\/p>\n<p><strong> Endere\u00e7o postal<\/strong><\/p>\n<p>301 Grove Street<br \/>\nVancouver, WA 98661<br \/>\nEstados Unidos<\/p>\n<p><strong>N\u00famero de telefone<\/strong><\/p>\n<p>+1 (877) 204 7444<\/p>\n","block_background":"bg-charcoal","block_background_video_type":"url","block_background_video_url":"","block_background_video_file":false,"block_background_image":false,"block_background_overlay":false,"unique_id":"","layout_title":"","block_option_custom_class":"","block_option_padding":[],"block_option_hide":[],"form_type":"gravity","form_background":"block-bg-none","form_placement":"right"}],"ACF":{"grav_blocks":[{"acf_fc_layout":"form","form_title":"","gate_content":false,"gated_gravity_form":false,"gated_form_content":"","gravity_form":"6","embed_form":"","shortcode_form":"","form_footer_text":"","content":"<h1>ENTRE EM CONTATO COM NOSSO DEPARTAMENTO DE PE\u00c7AS<\/h1>\n<p>Fornecendo pe\u00e7as originais OEM, al\u00e9m do suporte 24 horas por dia, 7 dias por semana, estamos prontos para ajudar. Armazenamos uma gama completa de pe\u00e7as em nossa sede em Vancouver, WA, para minimizar o tempo de inatividade caso um evento inesperado aconte\u00e7a. Envie uma solicita\u00e7\u00e3o de pe\u00e7as preenchendo o formul\u00e1rio e um membro de nossa equipe responder\u00e1 dentro de dois dias \u00fateis.<\/p>\n<p><strong> Endere\u00e7o postal<\/strong><\/p>\n<p>301 Grove Street<br \/>\nVancouver, WA 98661<br \/>\nEstados Unidos<\/p>\n<p><strong>N\u00famero de telefone<\/strong><\/p>\n<p>+1 (877) 204 7444<\/p>\n","block_background":"bg-charcoal","block_background_video_type":"url","block_background_video_url":"","block_background_video_file":false,"block_background_image":false,"block_background_overlay":false,"unique_id":"","layout_title":"","block_option_custom_class":"","block_option_padding":[],"block_option_hide":[],"form_type":"gravity","form_background":"block-bg-none","form_placement":"right"}]},"_links":{"self":[{"href":"https:\/\/columbiaokura.com\/br\/wp-json\/wp\/v2\/pages\/2255","targetHints":{"allow":["GET"]}}],"collection":[{"href":"https:\/\/columbiaokura.com\/br\/wp-json\/wp\/v2\/pages"}],"about":[{"href":"https:\/\/columbiaokura.com\/br\/wp-json\/wp\/v2\/types\/page"}],"author":[{"embeddable":true,"href":"https:\/\/columbiaokura.com\/br\/wp-json\/wp\/v2\/users\/4"}],"replies":[{"embeddable":true,"href":"https:\/\/columbiaokura.com\/br\/wp-json\/wp\/v2\/comments?post=2255"}],"version-history":[{"count":5,"href":"https:\/\/columbiaokura.com\/br\/wp-json\/wp\/v2\/pages\/2255\/revisions"}],"predecessor-version":[{"id":3801,"href":"https:\/\/columbiaokura.com\/br\/wp-json\/wp\/v2\/pages\/2255\/revisions\/3801"}],"wp:attachment":[{"href":"https:\/\/columbiaokura.com\/br\/wp-json\/wp\/v2\/media?parent=2255"}],"curies":[{"name":"wp","href":"https:\/\/api.w.org\/{rel}","templated":true}]}}