{"id":2249,"date":"2024-07-17T20:31:27","date_gmt":"2024-07-17T20:31:27","guid":{"rendered":"https:\/\/columbiaokura.com\/contato-servico\/"},"modified":"2025-07-07T21:58:27","modified_gmt":"2025-07-07T21:58:27","slug":"contato-servico","status":"publish","type":"page","link":"https:\/\/columbiaokura.com\/br\/contato-servico\/","title":{"rendered":"CONTATO &#8211; SERVI\u00c7O"},"content":{"rendered":"","protected":false},"excerpt":{"rendered":"","protected":false},"author":4,"featured_media":0,"parent":0,"menu_order":5,"comment_status":"closed","ping_status":"closed","template":"templates\/page-contact.php","meta":{"_acf_changed":false,"footnotes":""},"class_list":["post-2249","page","type-page","status-publish","hentry"],"acf":[],"grav_blocks":[{"acf_fc_layout":"form","form_title":"","gate_content":false,"gated_gravity_form":false,"gated_form_content":"","gravity_form":"5","embed_form":"","shortcode_form":"","form_footer_text":"","content":"<h1>ENTRE EM CONTATO COM NOSSO DEPARTAMENTO DE SERVI\u00c7O<\/h1>\n<p>Mantemos uma equipe de t\u00e9cnicos de servi\u00e7o de campo experientes em todos os fusos hor\u00e1rios da Am\u00e9rica do Norte e do Sul. Esses t\u00e9cnicos est\u00e3o dispon\u00edveis para visitar seu local para analisar, solucionar problemas, reparar ou fornecer manuten\u00e7\u00e3o preventiva. Envie uma solicita\u00e7\u00e3o de servi\u00e7o preenchendo o formul\u00e1rio e um membro de nossa equipe responder\u00e1 dentro de dois dias \u00fateis.<\/p>\n<p><strong>Endere\u00e7o postal<\/strong><\/p>\n<p>301 Grove Street<br \/>\nVancouver, WA 98661<br \/>\nEstados Unidos<\/p>\n<p><strong>N\u00famero de telefone<\/strong><\/p>\n<p>+1 (877) 204 7444<\/p>\n","block_background":"bg-charcoal","block_background_video_type":"url","block_background_video_url":"","block_background_video_file":false,"block_background_image":false,"block_background_overlay":false,"unique_id":"","layout_title":"","block_option_custom_class":"","block_option_padding":[],"block_option_hide":[],"form_type":"gravity","form_background":"block-bg-none","form_placement":"right"}],"ACF":{"grav_blocks":[{"acf_fc_layout":"form","form_title":"","gate_content":false,"gated_gravity_form":false,"gated_form_content":"","gravity_form":"5","embed_form":"","shortcode_form":"","form_footer_text":"","content":"<h1>ENTRE EM CONTATO COM NOSSO DEPARTAMENTO DE SERVI\u00c7O<\/h1>\n<p>Mantemos uma equipe de t\u00e9cnicos de servi\u00e7o de campo experientes em todos os fusos hor\u00e1rios da Am\u00e9rica do Norte e do Sul. Esses t\u00e9cnicos est\u00e3o dispon\u00edveis para visitar seu local para analisar, solucionar problemas, reparar ou fornecer manuten\u00e7\u00e3o preventiva. Envie uma solicita\u00e7\u00e3o de servi\u00e7o preenchendo o formul\u00e1rio e um membro de nossa equipe responder\u00e1 dentro de dois dias \u00fateis.<\/p>\n<p><strong>Endere\u00e7o postal<\/strong><\/p>\n<p>301 Grove Street<br \/>\nVancouver, WA 98661<br \/>\nEstados Unidos<\/p>\n<p><strong>N\u00famero de telefone<\/strong><\/p>\n<p>+1 (877) 204 7444<\/p>\n","block_background":"bg-charcoal","block_background_video_type":"url","block_background_video_url":"","block_background_video_file":false,"block_background_image":false,"block_background_overlay":false,"unique_id":"","layout_title":"","block_option_custom_class":"","block_option_padding":[],"block_option_hide":[],"form_type":"gravity","form_background":"block-bg-none","form_placement":"right"}]},"_links":{"self":[{"href":"https:\/\/columbiaokura.com\/br\/wp-json\/wp\/v2\/pages\/2249","targetHints":{"allow":["GET"]}}],"collection":[{"href":"https:\/\/columbiaokura.com\/br\/wp-json\/wp\/v2\/pages"}],"about":[{"href":"https:\/\/columbiaokura.com\/br\/wp-json\/wp\/v2\/types\/page"}],"author":[{"embeddable":true,"href":"https:\/\/columbiaokura.com\/br\/wp-json\/wp\/v2\/users\/4"}],"replies":[{"embeddable":true,"href":"https:\/\/columbiaokura.com\/br\/wp-json\/wp\/v2\/comments?post=2249"}],"version-history":[{"count":6,"href":"https:\/\/columbiaokura.com\/br\/wp-json\/wp\/v2\/pages\/2249\/revisions"}],"predecessor-version":[{"id":3795,"href":"https:\/\/columbiaokura.com\/br\/wp-json\/wp\/v2\/pages\/2249\/revisions\/3795"}],"wp:attachment":[{"href":"https:\/\/columbiaokura.com\/br\/wp-json\/wp\/v2\/media?parent=2249"}],"curies":[{"name":"wp","href":"https:\/\/api.w.org\/{rel}","templated":true}]}}