{"id":2247,"date":"2024-07-17T20:14:34","date_gmt":"2024-07-17T20:14:34","guid":{"rendered":"https:\/\/columbiaokura.com\/contato-servico\/"},"modified":"2024-07-23T17:09:50","modified_gmt":"2024-07-23T17:09:50","slug":"contato-manutencao","status":"publish","type":"page","link":"https:\/\/columbiaokura.com\/br\/contato-manutencao\/","title":{"rendered":"CONTATO &#8211; MANUTEN\u00c7\u00c3O"},"content":{"rendered":"","protected":false},"excerpt":{"rendered":"","protected":false},"author":4,"featured_media":0,"parent":0,"menu_order":4,"comment_status":"closed","ping_status":"closed","template":"templates\/page-contact.php","meta":{"_acf_changed":false,"footnotes":""},"class_list":["post-2247","page","type-page","status-publish","hentry"],"acf":[],"grav_blocks":[{"acf_fc_layout":"form","form_title":"","gate_content":false,"gated_gravity_form":false,"gated_form_content":"","gravity_form":"4","embed_form":"","shortcode_form":"","form_footer_text":"","content":"<h1>ENTRE EM CONTATO COM NOSSO DEPARTAMENTO DE MANUTEN\u00c7\u00c3O<\/h1>\n<p>Nossa equipe treinada \u00e9 capaz de fornecer manuten\u00e7\u00e3o preventiva no local como parte de sua programa\u00e7\u00e3o regular de servi\u00e7os.<\/p>\n<p>Agende um servi\u00e7o preenchendo o formul\u00e1rio e um membro de nossa equipe responder\u00e1 dentro de dois dias \u00fateis.<\/p>\n<p><strong> Endere\u00e7o postal<\/strong><\/p>\n<p>301 Grove Street<br \/>\nVancouver, WA 98661<br \/>\nEstados Unidos<\/p>\n<p><strong>N\u00famero de telefone<\/strong><br \/>\n+1 (877) 204 7444<\/p>\n","block_background":"bg-charcoal","block_background_video_type":"url","block_background_video_url":"","block_background_video_file":false,"block_background_image":false,"block_background_overlay":false,"unique_id":"","layout_title":"","block_option_custom_class":"","block_option_padding":[],"block_option_hide":[],"form_type":"gravity","form_background":"block-bg-none","form_placement":"right"}],"ACF":{"grav_blocks":[{"acf_fc_layout":"form","form_title":"","gate_content":false,"gated_gravity_form":false,"gated_form_content":"","gravity_form":"4","embed_form":"","shortcode_form":"","form_footer_text":"","content":"<h1>ENTRE EM CONTATO COM NOSSO DEPARTAMENTO DE MANUTEN\u00c7\u00c3O<\/h1>\n<p>Nossa equipe treinada \u00e9 capaz de fornecer manuten\u00e7\u00e3o preventiva no local como parte de sua programa\u00e7\u00e3o regular de servi\u00e7os.<\/p>\n<p>Agende um servi\u00e7o preenchendo o formul\u00e1rio e um membro de nossa equipe responder\u00e1 dentro de dois dias \u00fateis.<\/p>\n<p><strong> Endere\u00e7o postal<\/strong><\/p>\n<p>301 Grove Street<br \/>\nVancouver, WA 98661<br \/>\nEstados Unidos<\/p>\n<p><strong>N\u00famero de telefone<\/strong><br \/>\n+1 (877) 204 7444<\/p>\n","block_background":"bg-charcoal","block_background_video_type":"url","block_background_video_url":"","block_background_video_file":false,"block_background_image":false,"block_background_overlay":false,"unique_id":"","layout_title":"","block_option_custom_class":"","block_option_padding":[],"block_option_hide":[],"form_type":"gravity","form_background":"block-bg-none","form_placement":"right"}]},"_links":{"self":[{"href":"https:\/\/columbiaokura.com\/br\/wp-json\/wp\/v2\/pages\/2247","targetHints":{"allow":["GET"]}}],"collection":[{"href":"https:\/\/columbiaokura.com\/br\/wp-json\/wp\/v2\/pages"}],"about":[{"href":"https:\/\/columbiaokura.com\/br\/wp-json\/wp\/v2\/types\/page"}],"author":[{"embeddable":true,"href":"https:\/\/columbiaokura.com\/br\/wp-json\/wp\/v2\/users\/4"}],"replies":[{"embeddable":true,"href":"https:\/\/columbiaokura.com\/br\/wp-json\/wp\/v2\/comments?post=2247"}],"version-history":[{"count":6,"href":"https:\/\/columbiaokura.com\/br\/wp-json\/wp\/v2\/pages\/2247\/revisions"}],"predecessor-version":[{"id":3778,"href":"https:\/\/columbiaokura.com\/br\/wp-json\/wp\/v2\/pages\/2247\/revisions\/3778"}],"wp:attachment":[{"href":"https:\/\/columbiaokura.com\/br\/wp-json\/wp\/v2\/media?parent=2247"}],"curies":[{"name":"wp","href":"https:\/\/api.w.org\/{rel}","templated":true}]}}