{"id":2127,"date":"2024-05-17T04:28:38","date_gmt":"2024-05-17T04:28:38","guid":{"rendered":"https:\/\/columbiaokura.com\/programa-de-substituicao\/"},"modified":"2025-07-07T22:20:23","modified_gmt":"2025-07-07T22:20:23","slug":"programa-de-substituicao","status":"publish","type":"page","link":"https:\/\/columbiaokura.com\/br\/programa-de-substituicao\/","title":{"rendered":"Programa de substitui\u00e7\u00e3o"},"content":{"rendered":"","protected":false},"excerpt":{"rendered":"","protected":false},"author":3,"featured_media":2070,"parent":0,"menu_order":14,"comment_status":"closed","ping_status":"closed","template":"","meta":{"_acf_changed":false,"footnotes":""},"class_list":["post-2127","page","type-page","status-publish","has-post-thumbnail","hentry"],"acf":[],"grav_blocks":[{"acf_fc_layout":"columns","columns_title":"","darken_text":false,"num_columns":"231","column_1":"<h2 style=\"text-align: left;\">Por que substituir seu bra\u00e7o rob\u00f3tico?<\/h2>\n<p>O Programa de substitui\u00e7\u00e3o de bra\u00e7o rob\u00f3tico apoia as transi\u00e7\u00f5es de nossos clientes de equipamentos mais antigos para modelos mais novos, para que seu sistema de paletiza\u00e7\u00e3o possa continuar a ser apoiado por nossos t\u00e9cnicos e pe\u00e7as OEM.<\/p>\n<p>A atualiza\u00e7\u00e3o de um bra\u00e7o tamb\u00e9m garantir\u00e1 que os usu\u00e1rios tenham um software atualizado e f\u00e1cil de usar com as mais recentes habilidades de programa\u00e7\u00e3o.<\/p>\n<p><a class=\"button\" href=\"https:\/\/columbiaokura.com\/wp-content\/uploads\/2024\/05\/Arm-Replacement-Cutsheet-6th-Draft.pdf\">Specifications<\/a><\/p>\n","column_2":"<h3 style=\"text-align: left;\">BENEF\u00cdCIOS:<\/h3>\n<ul>\n<li>Mais econ\u00f4mico do que comprar equipamentos totalmente novos com um per\u00edodo de retorno mais curto.<\/li>\n<li>Hardware e software atualizados permitem que nossa equipe de servi\u00e7o forne\u00e7a suporte remoto 24 horas por dia, 7 dias por semana.<\/li>\n<li>O software atualizado oferece opera\u00e7\u00e3o e programa\u00e7\u00e3o mais f\u00e1ceis com uma interface mais amig\u00e1vel.<br \/>\n.<\/li>\n<\/ul>\n","column_3":"","column_4":"","block_background":"block-bg-none","block_background_video_type":"url","block_background_video_url":"","block_background_video_file":false,"block_background_image":false,"block_background_overlay":false,"unique_id":"","layout_title":"","block_option_custom_class":"","block_option_padding":["block-options-padding-remove-bottom"],"block_option_hide":[]},{"acf_fc_layout":"grid","grid_heading":true,"grid_title":"","grid_subtext":"","grid_items":[{"link_type":"none","link_page":null,"link_url":"","link_file":false,"link_video":"","button_text":"","item_image":false,"grid_use_icon":false,"icon":false,"grid_icon_wrapper_color":"blue","item_content":"<h4 style=\"text-align: center;\">Personaliza\u00e7\u00e3o<\/h4>\n<p style=\"text-align: center;\">Permite atualizar componentes ou sistemas espec\u00edficos para atender a necessidades exclusivas.<\/p>\n"},{"link_type":"none","link_page":null,"link_url":"","link_file":false,"link_video":"","button_text":"","item_image":false,"grid_use_icon":false,"icon":false,"grid_icon_wrapper_color":"blue","item_content":"<h4 style=\"text-align: center;\">Conformidade regulat\u00f3ria<\/h4>\n<p style=\"text-align: center;\">Atualize os equipamentos aos padr\u00f5es regulat\u00f3rios atuais sem adquirir um sistema totalmente novo.<\/p>\n"},{"link_type":"none","link_page":null,"link_url":"","link_file":false,"link_video":"","button_text":"","item_image":false,"grid_use_icon":false,"icon":false,"grid_icon_wrapper_color":"blue","item_content":"<h4 style=\"text-align: center;\">Disponibilidade de pe\u00e7as<\/h4>\n<p style=\"text-align: center;\">Tenha paz de esp\u00edrito sabendo que, quando ocorrerem falhas inesperadas de pe\u00e7as, as pe\u00e7as OEM estar\u00e3o facilmente acess\u00edveis.<\/p>\n"},{"link_type":"none","link_page":null,"link_url":"","link_file":false,"link_video":"","button_text":"","item_image":false,"grid_use_icon":false,"icon":false,"grid_icon_wrapper_color":"blue","item_content":"<h4 style=\"text-align: center;\">Interrup\u00e7\u00e3o m\u00ednima<\/h4>\n<p style=\"text-align: center;\">Pode ser conclu\u00eddo de forma incremental, reduzindo o impacto nos cronogramas de produ\u00e7\u00e3o.<\/p>\n"}],"block_background":"block-bg-none","block_background_video_type":"url","block_background_video_url":"","block_background_video_file":false,"block_background_image":false,"block_background_overlay":false,"unique_id":"","layout_title":"","block_option_custom_class":"","block_option_padding":["block-options-padding-remove-top"],"block_option_hide":[],"num_columns_small":"1","num_columns_medium":"2","num_columns_large":"4","num_columns_xlarge":"4"},{"acf_fc_layout":"cta","cta_title":"","cta_content":"<h2 style=\"text-align: center;\">Voc\u00ea est\u00e1 pronto para atualizar seu rob\u00f4?<\/h2>\n<h4 style=\"text-align: center;\">Entre em contato conosco para entender como podemos ajudar.<\/h4>\n","cta_button":{"title":"Contate-nos","url":"https:\/\/columbiaokura.com\/br\/contate-nos\/","target":""},"block_background":"bg-dark","block_background_video_type":"url","block_background_video_url":"","block_background_video_file":false,"block_background_image":false,"block_background_overlay":false,"unique_id":"","layout_title":"","block_option_custom_class":"","block_option_padding":[],"block_option_hide":[]},{"acf_fc_layout":"slider","slider_title":"Servi\u00e7os de atendimento ao cliente","slider_description":"","slider_slides":[{"slider_slide_image":2159,"slider_slide_title":"Trabalhando conosco","slider_slide_text":"<p>Desde solu\u00e7\u00f5es personalizadas e integra\u00e7\u00e3o at\u00e9 suporte cont\u00ednuo, espere uma parceria colaborativa e duradoura conosco.<\/p>\n","slider_slide_link":{"title":"Sobre n\u00f3s","url":"https:\/\/columbiaokura.com\/br\/sobre-nos\/","target":""}},{"slider_slide_image":2153,"slider_slide_title":"Servi\u00e7o, manuten\u00e7\u00e3o e pe\u00e7as","slider_slide_text":"<p>Nossos excelentes servi\u00e7os de suporte minimizam eventos de inatividade e permitem que voc\u00ea volte a trabalhar rapidamente.<\/p>\n","slider_slide_link":{"title":"Servi\u00e7o, manuten\u00e7\u00e3o e pe\u00e7as","url":"https:\/\/columbiaokura.com\/br\/servico-manutencao-e-pecas\/","target":""}},{"slider_slide_image":2128,"slider_slide_title":"Retrofits (moderniza\u00e7\u00f5es)","slider_slide_text":"<p>Explore a atualiza\u00e7\u00e3o do seu sistema existente para aumentar a produtividade e lidar com novos tipos de carga.<\/p>\n","slider_slide_link":{"title":"Retrofits (moderniza\u00e7\u00f5es)","url":"https:\/\/columbiaokura.com\/br\/retrofits-modernizacoes\/","target":""}}],"block_background":"bg-charcoal","block_background_video_type":"url","block_background_video_url":"","block_background_video_file":false,"block_background_image":false,"block_background_overlay":false,"unique_id":"","layout_title":"","block_option_custom_class":"","block_option_padding":[],"block_option_hide":[]},{"acf_fc_layout":"accordion","accordion_title":"Encontre respostas para perguntas comuns sobre a substitui\u00e7\u00e3o do bra\u00e7o rob\u00f3tico de seu paletizador. ","accordion_description":"","accordion_items":[{"accordion_item-title":"Quando devo substituir o bra\u00e7o rob\u00f3tico de meu paletizador?","accordion_item-content":"<p>Embora os bra\u00e7os Columbia\/Okura que foram instalados h\u00e1 mais de 15 anos ainda estejam paletizando e funcionando bem, nossos mais recentes rob\u00f4s de paletiza\u00e7\u00e3o rob\u00f3tica oferecem atualiza\u00e7\u00f5es valiosas.<\/p>\n<p>O ciclo de vida t\u00edpico dos paletizadores rob\u00f3ticos \u00e9 de cerca de 15 anos. Devido \u00e0 velocidade com que a tecnologia muda, se voc\u00ea tiver um bra\u00e7o rob\u00f3tico de gera\u00e7\u00e3o 5 (ou mais antigo), provavelmente \u00e9 hora de substitu\u00ed-lo.<\/p>\n"},{"accordion_item-title":"O que \u00e9 uma substitui\u00e7\u00e3o de bra\u00e7o?","accordion_item-content":"<p>A substitui\u00e7\u00e3o do bra\u00e7o rob\u00f3tico envolve a atualiza\u00e7\u00e3o do bra\u00e7o rob\u00f3tico, do controlador e do efetor final para nosso design mais recente (gera\u00e7\u00e3o 7). Reutilizamos os transportadores e controles existentes. A fia\u00e7\u00e3o da caixa de jun\u00e7\u00e3o existente e os cabos do motor ser\u00e3o aterrados e conectados no novo Painel de Controle de Equipamentos Perif\u00e9ricos (painel PEC) e controlados por um novo Compact Logix PLC.<\/p>\n"},{"accordion_item-title":"Que outros equipamentos devem ser substitu\u00eddos pelo rob\u00f4?","accordion_item-content":"<p>Se voc\u00ea estiver substituindo um bra\u00e7o, para atender aos padr\u00f5es de seguran\u00e7a atuais, \u00e9 comum precisar atualizar os PLCs de seguran\u00e7a no painel para controles, juntamente com interruptores de porta e cortinas de luz adicionais para garantir a seguran\u00e7a dos operadores.<\/p>\n"}],"block_background":"bg-blue-gray","block_background_video_type":"url","block_background_video_url":"","block_background_video_file":false,"block_background_image":false,"block_background_overlay":false,"unique_id":"","layout_title":"","block_option_custom_class":"","block_option_padding":[],"block_option_hide":[]},{"acf_fc_layout":"global-block","block_group":2286}],"ACF":{"banner_home_title_one":"Integration","banner_home_title_two":"Driving Productivitiy","banner_home_description":"<p>We believe in the transformative power of automation<\/p>\n","banner_home_button_type":"video","banner_home_button_text":"Watch The Video","banner_home_button_video":"https:\/\/youtu.be\/nw-6F140gRg?si=KoHNn4laNHM5DDAF","banner_background_type":"image","banner_background_image":{"ID":2178,"id":2178,"title":"Ambrose full-26-(ZF-1524-92187-1-058)-min (1)","filename":"Ambrose-full-26-ZF-1524-92187-1-058-min-1.jpg","filesize":4807418,"url":"https:\/\/columbiaokura.com\/wp-content\/uploads\/2024\/05\/Ambrose-full-26-ZF-1524-92187-1-058-min-1.jpg","link":"https:\/\/columbiaokura.com\/br\/industria\/materiais-de-edificacao-e-construcao\/ambrose-full-26-zf-1524-92187-1-058-min-1-2\/","alt":"Industrial Robotic Palletizing System","author":"3","description":"","caption":"","name":"ambrose-full-26-zf-1524-92187-1-058-min-1-2","status":"inherit","uploaded_to":2176,"date":"2024-05-19 20:01:59","modified":"2024-07-22 20:40:37","menu_order":0,"mime_type":"image\/jpeg","type":"image","subtype":"jpeg","icon":"https:\/\/columbiaokura.com\/wp-includes\/images\/media\/default.png","width":9504,"height":6336,"sizes":{"thumbnail":"https:\/\/columbiaokura.com\/wp-content\/uploads\/2024\/05\/Ambrose-full-26-ZF-1524-92187-1-058-min-1.jpg","thumbnail-width":150,"thumbnail-height":100,"medium":"https:\/\/columbiaokura.com\/wp-content\/uploads\/2024\/05\/Ambrose-full-26-ZF-1524-92187-1-058-min-1-300x200.jpg","medium-width":300,"medium-height":200,"medium_large":"https:\/\/columbiaokura.com\/wp-content\/uploads\/2024\/05\/Ambrose-full-26-ZF-1524-92187-1-058-min-1-768x512.jpg","medium_large-width":768,"medium_large-height":512,"large":"https:\/\/columbiaokura.com\/wp-content\/uploads\/2024\/05\/Ambrose-full-26-ZF-1524-92187-1-058-min-1-1024x683.jpg","large-width":1024,"large-height":683,"1536x1536":"https:\/\/columbiaokura.com\/wp-content\/uploads\/2024\/05\/Ambrose-full-26-ZF-1524-92187-1-058-min-1.jpg","1536x1536-width":1536,"1536x1536-height":1024,"2048x2048":"https:\/\/columbiaokura.com\/wp-content\/uploads\/2024\/05\/Ambrose-full-26-ZF-1524-92187-1-058-min-1.jpg","2048x2048-width":2048,"2048x2048-height":1365,"post-thumbnail":"https:\/\/columbiaokura.com\/wp-content\/uploads\/2024\/05\/Ambrose-full-26-ZF-1524-92187-1-058-min-1.jpg","post-thumbnail-width":300,"post-thumbnail-height":200,"small":"https:\/\/columbiaokura.com\/wp-content\/uploads\/2024\/05\/Ambrose-full-26-ZF-1524-92187-1-058-min-1-300x200.jpg","small-width":300,"small-height":200,"xlarge":"https:\/\/columbiaokura.com\/wp-content\/uploads\/2024\/05\/Ambrose-full-26-ZF-1524-92187-1-058-min-1.jpg","xlarge-width":1440,"xlarge-height":960,"gform-image-choice-sm":"https:\/\/columbiaokura.com\/wp-content\/uploads\/2024\/05\/Ambrose-full-26-ZF-1524-92187-1-058-min-1.jpg","gform-image-choice-sm-width":300,"gform-image-choice-sm-height":200,"gform-image-choice-md":"https:\/\/columbiaokura.com\/wp-content\/uploads\/2024\/05\/Ambrose-full-26-ZF-1524-92187-1-058-min-1.jpg","gform-image-choice-md-width":400,"gform-image-choice-md-height":267,"gform-image-choice-lg":"https:\/\/columbiaokura.com\/wp-content\/uploads\/2024\/05\/Ambrose-full-26-ZF-1524-92187-1-058-min-1.jpg","gform-image-choice-lg-width":600,"gform-image-choice-lg-height":400}},"banner_background_image_pos_horz":"50","banner_background_image_pos_vert":"20","grav_blocks":[{"acf_fc_layout":"columns","columns_title":"","darken_text":false,"num_columns":"231","column_1":"<h2 style=\"text-align: left;\">Por que substituir seu bra\u00e7o rob\u00f3tico?<\/h2>\n<p>O Programa de substitui\u00e7\u00e3o de bra\u00e7o rob\u00f3tico apoia as transi\u00e7\u00f5es de nossos clientes de equipamentos mais antigos para modelos mais novos, para que seu sistema de paletiza\u00e7\u00e3o possa continuar a ser apoiado por nossos t\u00e9cnicos e pe\u00e7as OEM.<\/p>\n<p>A atualiza\u00e7\u00e3o de um bra\u00e7o tamb\u00e9m garantir\u00e1 que os usu\u00e1rios tenham um software atualizado e f\u00e1cil de usar com as mais recentes habilidades de programa\u00e7\u00e3o.<\/p>\n<p><a class=\"button\" href=\"https:\/\/columbiaokura.com\/wp-content\/uploads\/2024\/05\/Arm-Replacement-Cutsheet-6th-Draft.pdf\">Specifications<\/a><\/p>\n","column_2":"<h3 style=\"text-align: left;\">BENEF\u00cdCIOS:<\/h3>\n<ul>\n<li>Mais econ\u00f4mico do que comprar equipamentos totalmente novos com um per\u00edodo de retorno mais curto.<\/li>\n<li>Hardware e software atualizados permitem que nossa equipe de servi\u00e7o forne\u00e7a suporte remoto 24 horas por dia, 7 dias por semana.<\/li>\n<li>O software atualizado oferece opera\u00e7\u00e3o e programa\u00e7\u00e3o mais f\u00e1ceis com uma interface mais amig\u00e1vel.<br \/>\n.<\/li>\n<\/ul>\n","column_3":"","column_4":"","block_background":"block-bg-none","block_background_video_type":"url","block_background_video_url":"","block_background_video_file":false,"block_background_image":false,"block_background_overlay":false,"unique_id":"","layout_title":"","block_option_custom_class":"","block_option_padding":["block-options-padding-remove-bottom"],"block_option_hide":[]},{"acf_fc_layout":"grid","grid_heading":true,"grid_title":"","grid_subtext":"","grid_items":[{"link_type":"none","link_page":null,"link_url":"","link_file":false,"link_video":"","button_text":"","item_image":false,"grid_use_icon":false,"icon":false,"grid_icon_wrapper_color":"blue","item_content":"<h4 style=\"text-align: center;\">Personaliza\u00e7\u00e3o<\/h4>\n<p style=\"text-align: center;\">Permite atualizar componentes ou sistemas espec\u00edficos para atender a necessidades exclusivas.<\/p>\n"},{"link_type":"none","link_page":null,"link_url":"","link_file":false,"link_video":"","button_text":"","item_image":false,"grid_use_icon":false,"icon":false,"grid_icon_wrapper_color":"blue","item_content":"<h4 style=\"text-align: center;\">Conformidade regulat\u00f3ria<\/h4>\n<p style=\"text-align: center;\">Atualize os equipamentos aos padr\u00f5es regulat\u00f3rios atuais sem adquirir um sistema totalmente novo.<\/p>\n"},{"link_type":"none","link_page":null,"link_url":"","link_file":false,"link_video":"","button_text":"","item_image":false,"grid_use_icon":false,"icon":false,"grid_icon_wrapper_color":"blue","item_content":"<h4 style=\"text-align: center;\">Disponibilidade de pe\u00e7as<\/h4>\n<p style=\"text-align: center;\">Tenha paz de esp\u00edrito sabendo que, quando ocorrerem falhas inesperadas de pe\u00e7as, as pe\u00e7as OEM estar\u00e3o facilmente acess\u00edveis.<\/p>\n"},{"link_type":"none","link_page":null,"link_url":"","link_file":false,"link_video":"","button_text":"","item_image":false,"grid_use_icon":false,"icon":false,"grid_icon_wrapper_color":"blue","item_content":"<h4 style=\"text-align: center;\">Interrup\u00e7\u00e3o m\u00ednima<\/h4>\n<p style=\"text-align: center;\">Pode ser conclu\u00eddo de forma incremental, reduzindo o impacto nos cronogramas de produ\u00e7\u00e3o.<\/p>\n"}],"block_background":"block-bg-none","block_background_video_type":"url","block_background_video_url":"","block_background_video_file":false,"block_background_image":false,"block_background_overlay":false,"unique_id":"","layout_title":"","block_option_custom_class":"","block_option_padding":["block-options-padding-remove-top"],"block_option_hide":[],"num_columns_small":"1","num_columns_medium":"2","num_columns_large":"4","num_columns_xlarge":"4"},{"acf_fc_layout":"cta","cta_title":"","cta_content":"<h2 style=\"text-align: center;\">Voc\u00ea est\u00e1 pronto para atualizar seu rob\u00f4?<\/h2>\n<h4 style=\"text-align: center;\">Entre em contato conosco para entender como podemos ajudar.<\/h4>\n","cta_button":{"title":"Contate-nos","url":"https:\/\/columbiaokura.com\/br\/contate-nos\/","target":""},"block_background":"bg-dark","block_background_video_type":"url","block_background_video_url":"","block_background_video_file":false,"block_background_image":false,"block_background_overlay":false,"unique_id":"","layout_title":"","block_option_custom_class":"","block_option_padding":[],"block_option_hide":[]},{"acf_fc_layout":"slider","slider_title":"Servi\u00e7os de atendimento ao cliente","slider_description":"","slider_slides":[{"slider_slide_image":2159,"slider_slide_title":"Trabalhando conosco","slider_slide_text":"<p>Desde solu\u00e7\u00f5es personalizadas e integra\u00e7\u00e3o at\u00e9 suporte cont\u00ednuo, espere uma parceria colaborativa e duradoura conosco.<\/p>\n","slider_slide_link":{"title":"Sobre n\u00f3s","url":"https:\/\/columbiaokura.com\/br\/sobre-nos\/","target":""}},{"slider_slide_image":2153,"slider_slide_title":"Servi\u00e7o, manuten\u00e7\u00e3o e pe\u00e7as","slider_slide_text":"<p>Nossos excelentes servi\u00e7os de suporte minimizam eventos de inatividade e permitem que voc\u00ea volte a trabalhar rapidamente.<\/p>\n","slider_slide_link":{"title":"Servi\u00e7o, manuten\u00e7\u00e3o e pe\u00e7as","url":"https:\/\/columbiaokura.com\/br\/servico-manutencao-e-pecas\/","target":""}},{"slider_slide_image":2128,"slider_slide_title":"Retrofits (moderniza\u00e7\u00f5es)","slider_slide_text":"<p>Explore a atualiza\u00e7\u00e3o do seu sistema existente para aumentar a produtividade e lidar com novos tipos de carga.<\/p>\n","slider_slide_link":{"title":"Retrofits (moderniza\u00e7\u00f5es)","url":"https:\/\/columbiaokura.com\/br\/retrofits-modernizacoes\/","target":""}}],"block_background":"bg-charcoal","block_background_video_type":"url","block_background_video_url":"","block_background_video_file":false,"block_background_image":false,"block_background_overlay":false,"unique_id":"","layout_title":"","block_option_custom_class":"","block_option_padding":[],"block_option_hide":[]},{"acf_fc_layout":"accordion","accordion_title":"Encontre respostas para perguntas comuns sobre a substitui\u00e7\u00e3o do bra\u00e7o rob\u00f3tico de seu paletizador. ","accordion_description":"","accordion_items":[{"accordion_item-title":"Quando devo substituir o bra\u00e7o rob\u00f3tico de meu paletizador?","accordion_item-content":"<p>Embora os bra\u00e7os Columbia\/Okura que foram instalados h\u00e1 mais de 15 anos ainda estejam paletizando e funcionando bem, nossos mais recentes rob\u00f4s de paletiza\u00e7\u00e3o rob\u00f3tica oferecem atualiza\u00e7\u00f5es valiosas.<\/p>\n<p>O ciclo de vida t\u00edpico dos paletizadores rob\u00f3ticos \u00e9 de cerca de 15 anos. Devido \u00e0 velocidade com que a tecnologia muda, se voc\u00ea tiver um bra\u00e7o rob\u00f3tico de gera\u00e7\u00e3o 5 (ou mais antigo), provavelmente \u00e9 hora de substitu\u00ed-lo.<\/p>\n"},{"accordion_item-title":"O que \u00e9 uma substitui\u00e7\u00e3o de bra\u00e7o?","accordion_item-content":"<p>A substitui\u00e7\u00e3o do bra\u00e7o rob\u00f3tico envolve a atualiza\u00e7\u00e3o do bra\u00e7o rob\u00f3tico, do controlador e do efetor final para nosso design mais recente (gera\u00e7\u00e3o 7). Reutilizamos os transportadores e controles existentes. A fia\u00e7\u00e3o da caixa de jun\u00e7\u00e3o existente e os cabos do motor ser\u00e3o aterrados e conectados no novo Painel de Controle de Equipamentos Perif\u00e9ricos (painel PEC) e controlados por um novo Compact Logix PLC.<\/p>\n"},{"accordion_item-title":"Que outros equipamentos devem ser substitu\u00eddos pelo rob\u00f4?","accordion_item-content":"<p>Se voc\u00ea estiver substituindo um bra\u00e7o, para atender aos padr\u00f5es de seguran\u00e7a atuais, \u00e9 comum precisar atualizar os PLCs de seguran\u00e7a no painel para controles, juntamente com interruptores de porta e cortinas de luz adicionais para garantir a seguran\u00e7a dos operadores.<\/p>\n"}],"block_background":"bg-blue-gray","block_background_video_type":"url","block_background_video_url":"","block_background_video_file":false,"block_background_image":false,"block_background_overlay":false,"unique_id":"","layout_title":"","block_option_custom_class":"","block_option_padding":[],"block_option_hide":[]},{"acf_fc_layout":"global-block","block_group":2286}],"banner_default_title_override":"Programa de substitui\u00e7\u00e3o de bra\u00e7o rob\u00f3tico","banner_default_button_type":"none","banner_default_description":"","banner_quick-nav":false},"_links":{"self":[{"href":"https:\/\/columbiaokura.com\/br\/wp-json\/wp\/v2\/pages\/2127","targetHints":{"allow":["GET"]}}],"collection":[{"href":"https:\/\/columbiaokura.com\/br\/wp-json\/wp\/v2\/pages"}],"about":[{"href":"https:\/\/columbiaokura.com\/br\/wp-json\/wp\/v2\/types\/page"}],"author":[{"embeddable":true,"href":"https:\/\/columbiaokura.com\/br\/wp-json\/wp\/v2\/users\/3"}],"replies":[{"embeddable":true,"href":"https:\/\/columbiaokura.com\/br\/wp-json\/wp\/v2\/comments?post=2127"}],"version-history":[{"count":2,"href":"https:\/\/columbiaokura.com\/br\/wp-json\/wp\/v2\/pages\/2127\/revisions"}],"predecessor-version":[{"id":3819,"href":"https:\/\/columbiaokura.com\/br\/wp-json\/wp\/v2\/pages\/2127\/revisions\/3819"}],"wp:featuredmedia":[{"embeddable":true,"href":"https:\/\/columbiaokura.com\/br\/wp-json\/wp\/v2\/media\/2070"}],"wp:attachment":[{"href":"https:\/\/columbiaokura.com\/br\/wp-json\/wp\/v2\/media?parent=2127"}],"curies":[{"name":"wp","href":"https:\/\/api.w.org\/{rel}","templated":true}]}}