{"id":2123,"date":"2024-05-17T04:34:29","date_gmt":"2024-05-17T04:34:29","guid":{"rendered":"https:\/\/columbiaokura.com\/retrofits-modernizacoes\/"},"modified":"2025-07-07T22:23:06","modified_gmt":"2025-07-07T22:23:06","slug":"retrofits-modernizacoes","status":"publish","type":"page","link":"https:\/\/columbiaokura.com\/br\/retrofits-modernizacoes\/","title":{"rendered":"Retrofits (moderniza\u00e7\u00f5es)"},"content":{"rendered":"","protected":false},"excerpt":{"rendered":"","protected":false},"author":3,"featured_media":2128,"parent":0,"menu_order":14,"comment_status":"closed","ping_status":"closed","template":"","meta":{"_acf_changed":false,"footnotes":""},"class_list":["post-2123","page","type-page","status-publish","has-post-thumbnail","hentry"],"acf":[],"grav_blocks":[{"acf_fc_layout":"columns","columns_title":"","darken_text":false,"num_columns":"231","column_1":"<h2 style=\"text-align: left;\">Atualizando seu sistema<\/h2>\n<p style=\"text-align: left;\">Entendemos que nossos clientes operam em um ambiente din\u00e2mico e que a flexibilidade \u00e9 um fator significativo ao tomar a decis\u00e3o de adquirir um rob\u00f4 para suas necessidades de paletiza\u00e7\u00e3o de fim de linha.<\/p>\n<p style=\"text-align: left;\">Se voc\u00ea busca aumentar a produtividade do seu sistema atual, revisar configura\u00e7\u00f5es de produ\u00e7\u00e3o ou lidar com novos tipos de carga, a Columbia\/Okura est\u00e1 pronta e capaz de ajud\u00e1-lo com suas necessidades em constante mudan\u00e7a.<\/p>\n<p style=\"text-align: left;\">As necessidades de embalagem continuam a evoluir. A tecnologia de automa\u00e7\u00e3o continua a melhorar. Deixe-nos ajud\u00e1-lo a atualizar seu sistema para aumentar a produtividade, cumprir novos requisitos de embalagem e\/ou novos padr\u00f5es de seguran\u00e7a. A moderniza\u00e7\u00e3o do seu sistema com essas atualiza\u00e7\u00f5es pode ser muito mais econ\u00f4mica do que adquirir um novo sistema.<\/p>\n","column_2":"<h2 style=\"text-align: left;\">Benefits<\/h2>\n<ul>\n<li>Aumentar a flexibilidade do sistema.<\/li>\n<li>Lidar com novos tipos de carga e produtos.<\/li>\n<li>Melhorar a produtividade.<\/li>\n<li>Melhorar a seguran\u00e7a e a conformidade.<\/li>\n<\/ul>\n","column_3":"","column_4":"","block_background":"block-bg-none","block_background_video_type":"url","block_background_video_url":"","block_background_video_file":false,"block_background_image":false,"block_background_overlay":false,"unique_id":"","layout_title":"","block_option_custom_class":"","block_option_padding":[],"block_option_hide":[]},{"acf_fc_layout":"cta","cta_title":"Cat\u00e1logo de retrofits (moderniza\u00e7\u00f5es) e melhorias dos sistemas","cta_content":"<p style=\"text-align: center;\">Nosso mais recente cat\u00e1logo de moderniza\u00e7\u00f5es (retrofits) e melhorias do sistema descreve ajustes, melhorias e diferentes ferramentas que podem ser adicionadas ao seu sistema de paletiza\u00e7\u00e3o.<\/p>\n","cta_button":{"title":"Ver o cat\u00e1logo","url":"https:\/\/columbiaokura.com\/wp-content\/uploads\/2024\/05\/2023-4-20-retrofit-catalog_digital_FINAL_Min.pdf","target":"_blank"},"block_background":"bg-dark","block_background_video_type":"url","block_background_video_url":"","block_background_video_file":false,"block_background_image":false,"block_background_overlay":false,"unique_id":"","layout_title":"","block_option_custom_class":"","block_option_padding":[],"block_option_hide":[]},{"acf_fc_layout":"slider","slider_title":"Servi\u00e7os de atendimento ao cliente","slider_description":"","slider_slides":[{"slider_slide_image":2159,"slider_slide_title":"Trabalhando conosco","slider_slide_text":"<p>Desde solu\u00e7\u00f5es personalizadas e integra\u00e7\u00e3o at\u00e9 suporte cont\u00ednuo, espere uma parceria colaborativa e duradoura conosco.<\/p>\n","slider_slide_link":{"title":"Sobre n\u00f3s","url":"https:\/\/columbiaokura.com\/br\/sobre-nos\/","target":""}},{"slider_slide_image":2153,"slider_slide_title":"Servi\u00e7o, manuten\u00e7\u00e3o e pe\u00e7as","slider_slide_text":"<p>Nossos excelentes servi\u00e7os de suporte minimizam eventos de inatividade e permitem que voc\u00ea volte a trabalhar rapidamente.<\/p>\n","slider_slide_link":{"title":"Servi\u00e7o, manuten\u00e7\u00e3o e pe\u00e7as","url":"https:\/\/columbiaokura.com\/br\/servico-manutencao-e-pecas\/","target":""}},{"slider_slide_image":2070,"slider_slide_title":"Programa de substitui\u00e7\u00e3o de rob\u00f4s","slider_slide_text":"<p>Garanta suporte remoto ininterrupto, atualiza\u00e7\u00f5es de software e melhorias de programa\u00e7\u00e3o com os modelos de equipamentos mais recentes.<\/p>\n","slider_slide_link":{"title":"Programa de substitui\u00e7\u00e3o de rob\u00f4s","url":"https:\/\/columbiaokura.com\/br\/programa-de-substituicao\/","target":""}}],"block_background":"bg-charcoal","block_background_video_type":"url","block_background_video_url":"","block_background_video_file":false,"block_background_image":false,"block_background_overlay":false,"unique_id":"","layout_title":"","block_option_custom_class":"","block_option_padding":[],"block_option_hide":[]},{"acf_fc_layout":"accordion","accordion_title":"Encontre respostas para perguntas comuns sobre a moderniza\u00e7\u00e3o do seu sistema de paletiza\u00e7\u00e3o existente com rob\u00f3tica.","accordion_description":"","accordion_items":[{"accordion_item-title":"A moderniza\u00e7\u00e3o \u00e9 a decis\u00e3o certa para o meu sistema de paletiza\u00e7\u00e3o autom\u00e1tica existente?","accordion_item-content":"<p>Dados os custos crescentes dos materiais e as restri\u00e7\u00f5es de espa\u00e7o existentes, a moderniza\u00e7\u00e3o pode ser uma alternativa econ\u00f4mica \u00e0 instala\u00e7\u00e3o de um novo sistema de paletiza\u00e7\u00e3o a partir do zero.<\/p>\n<p>Os rob\u00f4s est\u00e3o perfeitamente preparados para resolver os desafios de paletiza\u00e7\u00e3o de fim de linha de:<\/p>\n<ul>\n<li>Aumentando a efici\u00eancia<\/li>\n<li>Aumentando o rendimento<\/li>\n<li>Melhorando a precis\u00e3o<\/li>\n<li>Resolvendo a escassez de m\u00e3o de obra<\/li>\n<\/ul>\n<p>Outros motivos comuns para moderniza\u00e7\u00e3o s\u00e3o melhorar a seguran\u00e7a dos funcion\u00e1rios, atender a novas aplica\u00e7\u00f5es de embalagens e melhorar as cargas dos paletes. O objetivo final da sua empresa, portanto, \u00e9 um fator-chave para avaliar os benef\u00edcios da moderniza\u00e7\u00e3o. Outras considera\u00e7\u00f5es incluem:<\/p>\n<ul>\n<li>Espa\u00e7o dispon\u00edvel<\/li>\n<li>Equipamentos upstream e downstream<\/li>\n<li>Fluxos de trabalho e processos existentes<\/li>\n<\/ul>\n<p>Nossa equipe de especialistas trabalhar\u00e1 com voc\u00ea para recomendar a melhor solu\u00e7\u00e3o.<\/p>\n"},{"accordion_item-title":"Nossas embalagens mudaram devido \u00e0s mudan\u00e7as do mercado. Meu sistema de paletiza\u00e7\u00e3o autom\u00e1tica pode ser modificado para continuar funcionando com desempenho m\u00e1ximo?","accordion_item-content":"<p>Sim! Oferecemos a moderniza\u00e7\u00e3o justamente por esse motivo. Nossa equipe pode definir quais equipamentos funcionar\u00e3o com suas novas aplica\u00e7\u00f5es para atender a todos os requisitos m\u00ednimos de seguran\u00e7a atuais.<\/p>\n"},{"accordion_item-title":"Como posso saber quais equipamentos do meu sistema de paletiza\u00e7\u00e3o autom\u00e1tica precisam ser atualizados?","accordion_item-content":"<p>A partir de uma visita ao local e uma sess\u00e3o de escuta, entenderemos as necessidades da sua aplica\u00e7\u00e3o. Nossa equipe realizar\u00e1 uma auditoria em seu equipamento de paletiza\u00e7\u00e3o existente, garantindo que ele atenda a todos os requisitos m\u00ednimos de seguran\u00e7a atuais. Ap\u00f3s a auditoria, sugeriremos quais equipamentos devem ser atualizados e quais equipamentos sua linha pode se beneficiar com a adi\u00e7\u00e3o.<\/p>\n"}],"block_background":"bg-blue-gray","block_background_video_type":"url","block_background_video_url":"","block_background_video_file":false,"block_background_image":false,"block_background_overlay":false,"unique_id":"","layout_title":"","block_option_custom_class":"","block_option_padding":[],"block_option_hide":[]},{"acf_fc_layout":"global-block","block_group":2286}],"ACF":{"banner_home_title_one":"Integration","banner_home_title_two":"Driving Productivitiy","banner_home_description":"<p>We believe in the transformative power of automation<\/p>\n","banner_home_button_type":"video","banner_home_button_text":"Watch The Video","banner_home_button_video":"https:\/\/youtu.be\/nw-6F140gRg?si=KoHNn4laNHM5DDAF","banner_background_type":"image","banner_background_image":{"ID":2124,"id":2124,"title":"Columbia Okura","filename":"hall_1-scaled.jpg","filesize":1125775,"url":"https:\/\/columbiaokura.com\/wp-content\/uploads\/2024\/05\/hall_1-scaled.jpg","link":"https:\/\/columbiaokura.com\/br\/retrofits-modernizacoes\/columbia-okura-11-2\/","alt":"","author":"3","description":"","caption":"","name":"columbia-okura-11-2","status":"inherit","uploaded_to":2123,"date":"2024-05-23 16:15:25","modified":"2024-05-23 16:15:25","menu_order":0,"mime_type":"image\/jpeg","type":"image","subtype":"jpeg","icon":"https:\/\/columbiaokura.com\/wp-includes\/images\/media\/default.png","width":2560,"height":1920,"sizes":{"thumbnail":"https:\/\/columbiaokura.com\/wp-content\/uploads\/2024\/05\/hall_1-150x150.jpg","thumbnail-width":150,"thumbnail-height":150,"medium":"https:\/\/columbiaokura.com\/wp-content\/uploads\/2024\/05\/hall_1-300x225.jpg","medium-width":300,"medium-height":225,"medium_large":"https:\/\/columbiaokura.com\/wp-content\/uploads\/2024\/05\/hall_1-768x576.jpg","medium_large-width":768,"medium_large-height":576,"large":"https:\/\/columbiaokura.com\/wp-content\/uploads\/2024\/05\/hall_1-1024x768.jpg","large-width":1024,"large-height":768,"1536x1536":"https:\/\/columbiaokura.com\/wp-content\/uploads\/2024\/05\/hall_1-1536x1152.jpg","1536x1536-width":1536,"1536x1536-height":1152,"2048x2048":"https:\/\/columbiaokura.com\/wp-content\/uploads\/2024\/05\/hall_1-2048x1536.jpg","2048x2048-width":2048,"2048x2048-height":1536,"post-thumbnail":"https:\/\/columbiaokura.com\/wp-content\/uploads\/2024\/05\/hall_1-300x300.jpg","post-thumbnail-width":300,"post-thumbnail-height":300,"small":"https:\/\/columbiaokura.com\/wp-content\/uploads\/2024\/05\/hall_1-300x225.jpg","small-width":300,"small-height":225,"xlarge":"https:\/\/columbiaokura.com\/wp-content\/uploads\/2024\/05\/hall_1-1440x1080.jpg","xlarge-width":1440,"xlarge-height":1080,"gform-image-choice-sm":"https:\/\/columbiaokura.com\/wp-content\/uploads\/2024\/05\/hall_1-scaled.jpg","gform-image-choice-sm-width":300,"gform-image-choice-sm-height":225,"gform-image-choice-md":"https:\/\/columbiaokura.com\/wp-content\/uploads\/2024\/05\/hall_1-scaled.jpg","gform-image-choice-md-width":400,"gform-image-choice-md-height":300,"gform-image-choice-lg":"https:\/\/columbiaokura.com\/wp-content\/uploads\/2024\/05\/hall_1-scaled.jpg","gform-image-choice-lg-width":600,"gform-image-choice-lg-height":450}},"banner_background_image_pos_horz":"50","banner_background_image_pos_vert":"50","grav_blocks":[{"acf_fc_layout":"columns","columns_title":"","darken_text":false,"num_columns":"231","column_1":"<h2 style=\"text-align: left;\">Atualizando seu sistema<\/h2>\n<p style=\"text-align: left;\">Entendemos que nossos clientes operam em um ambiente din\u00e2mico e que a flexibilidade \u00e9 um fator significativo ao tomar a decis\u00e3o de adquirir um rob\u00f4 para suas necessidades de paletiza\u00e7\u00e3o de fim de linha.<\/p>\n<p style=\"text-align: left;\">Se voc\u00ea busca aumentar a produtividade do seu sistema atual, revisar configura\u00e7\u00f5es de produ\u00e7\u00e3o ou lidar com novos tipos de carga, a Columbia\/Okura est\u00e1 pronta e capaz de ajud\u00e1-lo com suas necessidades em constante mudan\u00e7a.<\/p>\n<p style=\"text-align: left;\">As necessidades de embalagem continuam a evoluir. A tecnologia de automa\u00e7\u00e3o continua a melhorar. Deixe-nos ajud\u00e1-lo a atualizar seu sistema para aumentar a produtividade, cumprir novos requisitos de embalagem e\/ou novos padr\u00f5es de seguran\u00e7a. A moderniza\u00e7\u00e3o do seu sistema com essas atualiza\u00e7\u00f5es pode ser muito mais econ\u00f4mica do que adquirir um novo sistema.<\/p>\n","column_2":"<h2 style=\"text-align: left;\">Benefits<\/h2>\n<ul>\n<li>Aumentar a flexibilidade do sistema.<\/li>\n<li>Lidar com novos tipos de carga e produtos.<\/li>\n<li>Melhorar a produtividade.<\/li>\n<li>Melhorar a seguran\u00e7a e a conformidade.<\/li>\n<\/ul>\n","column_3":"","column_4":"","block_background":"block-bg-none","block_background_video_type":"url","block_background_video_url":"","block_background_video_file":false,"block_background_image":false,"block_background_overlay":false,"unique_id":"","layout_title":"","block_option_custom_class":"","block_option_padding":[],"block_option_hide":[]},{"acf_fc_layout":"cta","cta_title":"Cat\u00e1logo de retrofits (moderniza\u00e7\u00f5es) e melhorias dos sistemas","cta_content":"<p style=\"text-align: center;\">Nosso mais recente cat\u00e1logo de moderniza\u00e7\u00f5es (retrofits) e melhorias do sistema descreve ajustes, melhorias e diferentes ferramentas que podem ser adicionadas ao seu sistema de paletiza\u00e7\u00e3o.<\/p>\n","cta_button":{"title":"Ver o cat\u00e1logo","url":"https:\/\/columbiaokura.com\/wp-content\/uploads\/2024\/05\/2023-4-20-retrofit-catalog_digital_FINAL_Min.pdf","target":"_blank"},"block_background":"bg-dark","block_background_video_type":"url","block_background_video_url":"","block_background_video_file":false,"block_background_image":false,"block_background_overlay":false,"unique_id":"","layout_title":"","block_option_custom_class":"","block_option_padding":[],"block_option_hide":[]},{"acf_fc_layout":"slider","slider_title":"Servi\u00e7os de atendimento ao cliente","slider_description":"","slider_slides":[{"slider_slide_image":2159,"slider_slide_title":"Trabalhando conosco","slider_slide_text":"<p>Desde solu\u00e7\u00f5es personalizadas e integra\u00e7\u00e3o at\u00e9 suporte cont\u00ednuo, espere uma parceria colaborativa e duradoura conosco.<\/p>\n","slider_slide_link":{"title":"Sobre n\u00f3s","url":"https:\/\/columbiaokura.com\/br\/sobre-nos\/","target":""}},{"slider_slide_image":2153,"slider_slide_title":"Servi\u00e7o, manuten\u00e7\u00e3o e pe\u00e7as","slider_slide_text":"<p>Nossos excelentes servi\u00e7os de suporte minimizam eventos de inatividade e permitem que voc\u00ea volte a trabalhar rapidamente.<\/p>\n","slider_slide_link":{"title":"Servi\u00e7o, manuten\u00e7\u00e3o e pe\u00e7as","url":"https:\/\/columbiaokura.com\/br\/servico-manutencao-e-pecas\/","target":""}},{"slider_slide_image":2070,"slider_slide_title":"Programa de substitui\u00e7\u00e3o de rob\u00f4s","slider_slide_text":"<p>Garanta suporte remoto ininterrupto, atualiza\u00e7\u00f5es de software e melhorias de programa\u00e7\u00e3o com os modelos de equipamentos mais recentes.<\/p>\n","slider_slide_link":{"title":"Programa de substitui\u00e7\u00e3o de rob\u00f4s","url":"https:\/\/columbiaokura.com\/br\/programa-de-substituicao\/","target":""}}],"block_background":"bg-charcoal","block_background_video_type":"url","block_background_video_url":"","block_background_video_file":false,"block_background_image":false,"block_background_overlay":false,"unique_id":"","layout_title":"","block_option_custom_class":"","block_option_padding":[],"block_option_hide":[]},{"acf_fc_layout":"accordion","accordion_title":"Encontre respostas para perguntas comuns sobre a moderniza\u00e7\u00e3o do seu sistema de paletiza\u00e7\u00e3o existente com rob\u00f3tica.","accordion_description":"","accordion_items":[{"accordion_item-title":"A moderniza\u00e7\u00e3o \u00e9 a decis\u00e3o certa para o meu sistema de paletiza\u00e7\u00e3o autom\u00e1tica existente?","accordion_item-content":"<p>Dados os custos crescentes dos materiais e as restri\u00e7\u00f5es de espa\u00e7o existentes, a moderniza\u00e7\u00e3o pode ser uma alternativa econ\u00f4mica \u00e0 instala\u00e7\u00e3o de um novo sistema de paletiza\u00e7\u00e3o a partir do zero.<\/p>\n<p>Os rob\u00f4s est\u00e3o perfeitamente preparados para resolver os desafios de paletiza\u00e7\u00e3o de fim de linha de:<\/p>\n<ul>\n<li>Aumentando a efici\u00eancia<\/li>\n<li>Aumentando o rendimento<\/li>\n<li>Melhorando a precis\u00e3o<\/li>\n<li>Resolvendo a escassez de m\u00e3o de obra<\/li>\n<\/ul>\n<p>Outros motivos comuns para moderniza\u00e7\u00e3o s\u00e3o melhorar a seguran\u00e7a dos funcion\u00e1rios, atender a novas aplica\u00e7\u00f5es de embalagens e melhorar as cargas dos paletes. O objetivo final da sua empresa, portanto, \u00e9 um fator-chave para avaliar os benef\u00edcios da moderniza\u00e7\u00e3o. Outras considera\u00e7\u00f5es incluem:<\/p>\n<ul>\n<li>Espa\u00e7o dispon\u00edvel<\/li>\n<li>Equipamentos upstream e downstream<\/li>\n<li>Fluxos de trabalho e processos existentes<\/li>\n<\/ul>\n<p>Nossa equipe de especialistas trabalhar\u00e1 com voc\u00ea para recomendar a melhor solu\u00e7\u00e3o.<\/p>\n"},{"accordion_item-title":"Nossas embalagens mudaram devido \u00e0s mudan\u00e7as do mercado. Meu sistema de paletiza\u00e7\u00e3o autom\u00e1tica pode ser modificado para continuar funcionando com desempenho m\u00e1ximo?","accordion_item-content":"<p>Sim! Oferecemos a moderniza\u00e7\u00e3o justamente por esse motivo. Nossa equipe pode definir quais equipamentos funcionar\u00e3o com suas novas aplica\u00e7\u00f5es para atender a todos os requisitos m\u00ednimos de seguran\u00e7a atuais.<\/p>\n"},{"accordion_item-title":"Como posso saber quais equipamentos do meu sistema de paletiza\u00e7\u00e3o autom\u00e1tica precisam ser atualizados?","accordion_item-content":"<p>A partir de uma visita ao local e uma sess\u00e3o de escuta, entenderemos as necessidades da sua aplica\u00e7\u00e3o. Nossa equipe realizar\u00e1 uma auditoria em seu equipamento de paletiza\u00e7\u00e3o existente, garantindo que ele atenda a todos os requisitos m\u00ednimos de seguran\u00e7a atuais. Ap\u00f3s a auditoria, sugeriremos quais equipamentos devem ser atualizados e quais equipamentos sua linha pode se beneficiar com a adi\u00e7\u00e3o.<\/p>\n"}],"block_background":"bg-blue-gray","block_background_video_type":"url","block_background_video_url":"","block_background_video_file":false,"block_background_image":false,"block_background_overlay":false,"unique_id":"","layout_title":"","block_option_custom_class":"","block_option_padding":[],"block_option_hide":[]},{"acf_fc_layout":"global-block","block_group":2286}],"banner_default_title_override":"Retrofits (moderniza\u00e7\u00f5es)","banner_default_description":"<p>          <a class=\"button\" href=\"https:\/\/columbiaokura.com\/contact\/\">Contate-nos<\/a><\/p>\n","banner_default_button_type":"none","banner_quick-nav":false},"_links":{"self":[{"href":"https:\/\/columbiaokura.com\/br\/wp-json\/wp\/v2\/pages\/2123","targetHints":{"allow":["GET"]}}],"collection":[{"href":"https:\/\/columbiaokura.com\/br\/wp-json\/wp\/v2\/pages"}],"about":[{"href":"https:\/\/columbiaokura.com\/br\/wp-json\/wp\/v2\/types\/page"}],"author":[{"embeddable":true,"href":"https:\/\/columbiaokura.com\/br\/wp-json\/wp\/v2\/users\/3"}],"replies":[{"embeddable":true,"href":"https:\/\/columbiaokura.com\/br\/wp-json\/wp\/v2\/comments?post=2123"}],"version-history":[{"count":2,"href":"https:\/\/columbiaokura.com\/br\/wp-json\/wp\/v2\/pages\/2123\/revisions"}],"predecessor-version":[{"id":3821,"href":"https:\/\/columbiaokura.com\/br\/wp-json\/wp\/v2\/pages\/2123\/revisions\/3821"}],"wp:featuredmedia":[{"embeddable":true,"href":"https:\/\/columbiaokura.com\/br\/wp-json\/wp\/v2\/media\/2128"}],"wp:attachment":[{"href":"https:\/\/columbiaokura.com\/br\/wp-json\/wp\/v2\/media?parent=2123"}],"curies":[{"name":"wp","href":"https:\/\/api.w.org\/{rel}","templated":true}]}}