{"id":2118,"date":"2023-08-01T16:02:02","date_gmt":"2023-08-01T16:02:02","guid":{"rendered":"https:\/\/columbiaokura.com\/carreiras\/"},"modified":"2024-07-18T21:15:26","modified_gmt":"2024-07-18T21:15:26","slug":"carreiras","status":"publish","type":"page","link":"https:\/\/columbiaokura.com\/br\/carreiras\/","title":{"rendered":"Carreiras"},"content":{"rendered":"","protected":false},"excerpt":{"rendered":"","protected":false},"author":4,"featured_media":0,"parent":0,"menu_order":6,"comment_status":"closed","ping_status":"closed","template":"","meta":{"_acf_changed":false,"footnotes":""},"class_list":["post-2118","page","type-page","status-publish","hentry"],"acf":[],"grav_blocks":[{"acf_fc_layout":"columns","columns_title":"","darken_text":false,"num_columns":"231","column_1":"<h3 style=\"text-align: left;\">Nosso local de trabalho<\/h3>\n<p>Nossa sede fica em Vancouver, Washington, uma comunidade localizada na \u00e1rea metropolitana de Portland, Oregon. A maioria de nossos funcion\u00e1rios trabalha em nossa sede, no entanto, empregamos t\u00e9cnicos de campo em locais nos EUA. Esfor\u00e7amo-nos por um ambiente de equipe, onde nossos valores e nossos clientes v\u00eam em primeiro lugar.<\/p>\n","column_2":"<p>&nbsp;<\/p>\n<h3 style=\"text-align: left;\">N\u00f3s oferecemos<\/h3>\n<ul>\n<li>Seguro m\u00e9dico, odontol\u00f3gico, de vida e de invalidez<\/li>\n<li>401(k) Plano de aposentadoria<\/li>\n<li>Oportunidades de avan\u00e7o na carreira<\/li>\n<li>F\u00e9rias e pagamento de f\u00e9rias<\/li>\n<li>Reembolso integral da mensalidade<\/li>\n<\/ul>\n","column_3":"","column_4":"","block_background":"block-bg-none","block_background_video_type":"url","block_background_video_url":"","block_background_video_file":false,"block_background_image":false,"block_background_overlay":false,"unique_id":"","layout_title":"","block_option_custom_class":"","block_option_padding":["block-options-padding-remove-bottom"],"block_option_hide":[]},{"acf_fc_layout":"media-content","video_type":"url","video_url":"","video_file":false,"video_attributes":["controls"],"embed":"","image":{"ID":2092,"id":2092,"title":"Casey + garrett_1.32.1","filename":"Casey-garrett_1.32.1.jpg","filesize":1322932,"url":"https:\/\/columbiaokura.com\/wp-content\/uploads\/2024\/06\/Casey-garrett_1.32.1.jpg","link":"https:\/\/columbiaokura.com\/br\/sobre-nos\/casey-garrett_1-32-1-2\/","alt":"","author":"3","description":"","caption":"","name":"casey-garrett_1-32-1-2","status":"inherit","uploaded_to":2082,"date":"2024-06-20 20:21:03","modified":"2024-06-20 20:21:03","menu_order":0,"mime_type":"image\/jpeg","type":"image","subtype":"jpeg","icon":"https:\/\/columbiaokura.com\/wp-includes\/images\/media\/default.png","width":1620,"height":1080,"sizes":{"thumbnail":"https:\/\/columbiaokura.com\/wp-content\/uploads\/2024\/06\/Casey-garrett_1.32.1-150x150.jpg","thumbnail-width":150,"thumbnail-height":150,"medium":"https:\/\/columbiaokura.com\/wp-content\/uploads\/2024\/06\/Casey-garrett_1.32.1-300x200.jpg","medium-width":300,"medium-height":200,"medium_large":"https:\/\/columbiaokura.com\/wp-content\/uploads\/2024\/06\/Casey-garrett_1.32.1-768x512.jpg","medium_large-width":768,"medium_large-height":512,"large":"https:\/\/columbiaokura.com\/wp-content\/uploads\/2024\/06\/Casey-garrett_1.32.1-1024x683.jpg","large-width":1024,"large-height":683,"1536x1536":"https:\/\/columbiaokura.com\/wp-content\/uploads\/2024\/06\/Casey-garrett_1.32.1-1536x1024.jpg","1536x1536-width":1536,"1536x1536-height":1024,"2048x2048":"https:\/\/columbiaokura.com\/wp-content\/uploads\/2024\/06\/Casey-garrett_1.32.1.jpg","2048x2048-width":1620,"2048x2048-height":1080,"post-thumbnail":"https:\/\/columbiaokura.com\/wp-content\/uploads\/2024\/06\/Casey-garrett_1.32.1-300x300.jpg","post-thumbnail-width":300,"post-thumbnail-height":300,"small":"https:\/\/columbiaokura.com\/wp-content\/uploads\/2024\/06\/Casey-garrett_1.32.1-300x200.jpg","small-width":300,"small-height":200,"xlarge":"https:\/\/columbiaokura.com\/wp-content\/uploads\/2024\/06\/Casey-garrett_1.32.1-1440x960.jpg","xlarge-width":1440,"xlarge-height":960,"gform-image-choice-sm":"https:\/\/columbiaokura.com\/wp-content\/uploads\/2024\/06\/Casey-garrett_1.32.1.jpg","gform-image-choice-sm-width":300,"gform-image-choice-sm-height":200,"gform-image-choice-md":"https:\/\/columbiaokura.com\/wp-content\/uploads\/2024\/06\/Casey-garrett_1.32.1.jpg","gform-image-choice-md-width":400,"gform-image-choice-md-height":267,"gform-image-choice-lg":"https:\/\/columbiaokura.com\/wp-content\/uploads\/2024\/06\/Casey-garrett_1.32.1.jpg","gform-image-choice-lg-width":600,"gform-image-choice-lg-height":400}},"media-content_image_background":"none","content":"<h3 style=\"text-align: left;\">Vagas abertas<\/h3>\n<p>D\u00ea uma olhada em nossas vagas abertas atrav\u00e9s de nossa plataforma de RH. N\u00e3o est\u00e1 vendo a fun\u00e7\u00e3o que procura? Por favor, envie uma aplica\u00e7\u00e3o aberta por meio do an\u00fancio de emprego \u201cOutras consultas\u201d para garantir que voc\u00ea seja considerado para vagas futuras que correspondam \u00e0s suas habilidades e prefer\u00eancias.<\/p>\n<p><a class=\"button\" href=\"https:\/\/www.paycomonline.net\/v4\/ats\/web.php\/jobs?clientkey=54CFB0481E367DFCB142C0C5454EF8C9\">Empregos dispon\u00edveis<\/a><\/p>\n","block_background":"bg-light","block_background_video_type":"url","block_background_video_url":"","block_background_video_file":false,"block_background_image":false,"block_background_overlay":false,"unique_id":"","layout_title":"","block_option_custom_class":"","block_option_padding":[],"block_option_hide":[],"media_type":"","image_placement":"left","image_size":"6","image_format":""},{"acf_fc_layout":"testimonial","testimonial_pre-heading":"","testimonial_testimonial":"Gosto de trabalhar com meus colegas de departamento, trabalhamos verdadeiramente em equipe e eles dedicam tempo para me orientar e apoiar no processo de aprendizagem.","testimonial_attribution":"Vicki McCloe, administradora de vendas e servi\u00e7os","block_background":"bg-blue","block_background_video_type":"url","block_background_video_url":"","block_background_video_file":false,"block_background_image":false,"block_background_overlay":false,"unique_id":"","layout_title":"","block_option_custom_class":"","block_option_padding":[],"block_option_hide":[]},{"acf_fc_layout":"slider","slider_title":"Conhe\u00e7a nossos produtos e servi\u00e7os","slider_description":"","slider_slides":[{"slider_slide_image":2159,"slider_slide_title":"Trabalhando conosco","slider_slide_text":"<p>Desde solu\u00e7\u00f5es personalizadas e integra\u00e7\u00e3o at\u00e9 suporte cont\u00ednuo, nossos clientes desfrutam de parcerias colaborativas e duradouras conosco.<\/p>\n","slider_slide_link":{"title":"Atendimento ao cliente","url":"https:\/\/columbiaokura.com\/customer-care\/","target":""}},{"slider_slide_image":2124,"slider_slide_title":"Rob\u00f4s Industriais","slider_slide_text":"<p>Os rob\u00f4s industriais podem paletizar e fazer a recolha m\u00faltipla de cargas pesadas com velocidade e confiabilidade.<\/p>\n","slider_slide_link":{"title":"Paletizadores rob\u00f3ticos industriais","url":"https:\/\/columbiaokura.com\/industrial-robotic-palletizer\/","target":""}},{"slider_slide_image":2153,"slider_slide_title":"Servi\u00e7o, manuten\u00e7\u00e3o e pe\u00e7as","slider_slide_text":"<p>Nossos excelentes servi\u00e7os de suporte minimizam eventos de inatividade e permitem que voc\u00ea volte a trabalhar rapidamente.<\/p>\n","slider_slide_link":{"title":"Servi\u00e7o, manuten\u00e7\u00e3o e pe\u00e7as","url":"https:\/\/columbiaokura.com\/service-parts\/","target":""}},{"slider_slide_image":2134,"slider_slide_title":"Rob\u00f4s colaborativos","slider_slide_text":"<p>Os Cobots paletizam cargas de at\u00e9 66 libras e oferecem op\u00e7\u00f5es de ferramentas de recolha m\u00faltipla.<\/p>\n","slider_slide_link":{"title":"Rob\u00f4s colaborativos","url":"https:\/\/columbiaokura.com\/br\/robos-colaborativos\/","target":""}}],"block_background":"block-bg-none","block_background_video_type":"url","block_background_video_url":"","block_background_video_file":false,"block_background_image":false,"block_background_overlay":false,"unique_id":"","layout_title":"","block_option_custom_class":"","block_option_padding":[],"block_option_hide":[]}],"ACF":{"banner_background_type":"image","banner_background_image":{"ID":2090,"id":2090,"title":"DSC01821","filename":"DSC01821-scaled.jpg","filesize":1015390,"url":"https:\/\/columbiaokura.com\/wp-content\/uploads\/2024\/05\/DSC01821-scaled.jpg","link":"https:\/\/columbiaokura.com\/br\/sobre-nos\/dsc01821-2\/","alt":"","author":"3","description":"","caption":"","name":"dsc01821-2","status":"inherit","uploaded_to":2082,"date":"2024-05-20 01:40:56","modified":"2024-05-20 01:40:56","menu_order":0,"mime_type":"image\/jpeg","type":"image","subtype":"jpeg","icon":"https:\/\/columbiaokura.com\/wp-includes\/images\/media\/default.png","width":2560,"height":1710,"sizes":{"thumbnail":"https:\/\/columbiaokura.com\/wp-content\/uploads\/2024\/05\/DSC01821-150x150.jpg","thumbnail-width":150,"thumbnail-height":150,"medium":"https:\/\/columbiaokura.com\/wp-content\/uploads\/2024\/05\/DSC01821-300x200.jpg","medium-width":300,"medium-height":200,"medium_large":"https:\/\/columbiaokura.com\/wp-content\/uploads\/2024\/05\/DSC01821-768x513.jpg","medium_large-width":768,"medium_large-height":513,"large":"https:\/\/columbiaokura.com\/wp-content\/uploads\/2024\/05\/DSC01821-1024x684.jpg","large-width":1024,"large-height":684,"1536x1536":"https:\/\/columbiaokura.com\/wp-content\/uploads\/2024\/05\/DSC01821-1536x1026.jpg","1536x1536-width":1536,"1536x1536-height":1026,"2048x2048":"https:\/\/columbiaokura.com\/wp-content\/uploads\/2024\/05\/DSC01821-2048x1368.jpg","2048x2048-width":2048,"2048x2048-height":1368,"post-thumbnail":"https:\/\/columbiaokura.com\/wp-content\/uploads\/2024\/05\/DSC01821-300x300.jpg","post-thumbnail-width":300,"post-thumbnail-height":300,"small":"https:\/\/columbiaokura.com\/wp-content\/uploads\/2024\/05\/DSC01821-300x200.jpg","small-width":300,"small-height":200,"xlarge":"https:\/\/columbiaokura.com\/wp-content\/uploads\/2024\/05\/DSC01821-1440x962.jpg","xlarge-width":1440,"xlarge-height":962,"gform-image-choice-sm":"https:\/\/columbiaokura.com\/wp-content\/uploads\/2024\/05\/DSC01821-scaled.jpg","gform-image-choice-sm-width":300,"gform-image-choice-sm-height":200,"gform-image-choice-md":"https:\/\/columbiaokura.com\/wp-content\/uploads\/2024\/05\/DSC01821-scaled.jpg","gform-image-choice-md-width":400,"gform-image-choice-md-height":267,"gform-image-choice-lg":"https:\/\/columbiaokura.com\/wp-content\/uploads\/2024\/05\/DSC01821-scaled.jpg","gform-image-choice-lg-width":600,"gform-image-choice-lg-height":401}},"banner_background_image_pos_horz":"50","banner_background_image_pos_vert":"50","grav_blocks":[{"acf_fc_layout":"columns","columns_title":"","darken_text":false,"num_columns":"231","column_1":"<h3 style=\"text-align: left;\">Nosso local de trabalho<\/h3>\n<p>Nossa sede fica em Vancouver, Washington, uma comunidade localizada na \u00e1rea metropolitana de Portland, Oregon. A maioria de nossos funcion\u00e1rios trabalha em nossa sede, no entanto, empregamos t\u00e9cnicos de campo em locais nos EUA. Esfor\u00e7amo-nos por um ambiente de equipe, onde nossos valores e nossos clientes v\u00eam em primeiro lugar.<\/p>\n","column_2":"<p>&nbsp;<\/p>\n<h3 style=\"text-align: left;\">N\u00f3s oferecemos<\/h3>\n<ul>\n<li>Seguro m\u00e9dico, odontol\u00f3gico, de vida e de invalidez<\/li>\n<li>401(k) Plano de aposentadoria<\/li>\n<li>Oportunidades de avan\u00e7o na carreira<\/li>\n<li>F\u00e9rias e pagamento de f\u00e9rias<\/li>\n<li>Reembolso integral da mensalidade<\/li>\n<\/ul>\n","column_3":"","column_4":"","block_background":"block-bg-none","block_background_video_type":"url","block_background_video_url":"","block_background_video_file":false,"block_background_image":false,"block_background_overlay":false,"unique_id":"","layout_title":"","block_option_custom_class":"","block_option_padding":["block-options-padding-remove-bottom"],"block_option_hide":[]},{"acf_fc_layout":"media-content","video_type":"url","video_url":"","video_file":false,"video_attributes":["controls"],"embed":"","image":{"ID":2092,"id":2092,"title":"Casey + garrett_1.32.1","filename":"Casey-garrett_1.32.1.jpg","filesize":1322932,"url":"https:\/\/columbiaokura.com\/wp-content\/uploads\/2024\/06\/Casey-garrett_1.32.1.jpg","link":"https:\/\/columbiaokura.com\/br\/sobre-nos\/casey-garrett_1-32-1-2\/","alt":"","author":"3","description":"","caption":"","name":"casey-garrett_1-32-1-2","status":"inherit","uploaded_to":2082,"date":"2024-06-20 20:21:03","modified":"2024-06-20 20:21:03","menu_order":0,"mime_type":"image\/jpeg","type":"image","subtype":"jpeg","icon":"https:\/\/columbiaokura.com\/wp-includes\/images\/media\/default.png","width":1620,"height":1080,"sizes":{"thumbnail":"https:\/\/columbiaokura.com\/wp-content\/uploads\/2024\/06\/Casey-garrett_1.32.1-150x150.jpg","thumbnail-width":150,"thumbnail-height":150,"medium":"https:\/\/columbiaokura.com\/wp-content\/uploads\/2024\/06\/Casey-garrett_1.32.1-300x200.jpg","medium-width":300,"medium-height":200,"medium_large":"https:\/\/columbiaokura.com\/wp-content\/uploads\/2024\/06\/Casey-garrett_1.32.1-768x512.jpg","medium_large-width":768,"medium_large-height":512,"large":"https:\/\/columbiaokura.com\/wp-content\/uploads\/2024\/06\/Casey-garrett_1.32.1-1024x683.jpg","large-width":1024,"large-height":683,"1536x1536":"https:\/\/columbiaokura.com\/wp-content\/uploads\/2024\/06\/Casey-garrett_1.32.1-1536x1024.jpg","1536x1536-width":1536,"1536x1536-height":1024,"2048x2048":"https:\/\/columbiaokura.com\/wp-content\/uploads\/2024\/06\/Casey-garrett_1.32.1.jpg","2048x2048-width":1620,"2048x2048-height":1080,"post-thumbnail":"https:\/\/columbiaokura.com\/wp-content\/uploads\/2024\/06\/Casey-garrett_1.32.1-300x300.jpg","post-thumbnail-width":300,"post-thumbnail-height":300,"small":"https:\/\/columbiaokura.com\/wp-content\/uploads\/2024\/06\/Casey-garrett_1.32.1-300x200.jpg","small-width":300,"small-height":200,"xlarge":"https:\/\/columbiaokura.com\/wp-content\/uploads\/2024\/06\/Casey-garrett_1.32.1-1440x960.jpg","xlarge-width":1440,"xlarge-height":960,"gform-image-choice-sm":"https:\/\/columbiaokura.com\/wp-content\/uploads\/2024\/06\/Casey-garrett_1.32.1.jpg","gform-image-choice-sm-width":300,"gform-image-choice-sm-height":200,"gform-image-choice-md":"https:\/\/columbiaokura.com\/wp-content\/uploads\/2024\/06\/Casey-garrett_1.32.1.jpg","gform-image-choice-md-width":400,"gform-image-choice-md-height":267,"gform-image-choice-lg":"https:\/\/columbiaokura.com\/wp-content\/uploads\/2024\/06\/Casey-garrett_1.32.1.jpg","gform-image-choice-lg-width":600,"gform-image-choice-lg-height":400}},"media-content_image_background":"none","content":"<h3 style=\"text-align: left;\">Vagas abertas<\/h3>\n<p>D\u00ea uma olhada em nossas vagas abertas atrav\u00e9s de nossa plataforma de RH. N\u00e3o est\u00e1 vendo a fun\u00e7\u00e3o que procura? Por favor, envie uma aplica\u00e7\u00e3o aberta por meio do an\u00fancio de emprego \u201cOutras consultas\u201d para garantir que voc\u00ea seja considerado para vagas futuras que correspondam \u00e0s suas habilidades e prefer\u00eancias.<\/p>\n<p><a class=\"button\" href=\"https:\/\/www.paycomonline.net\/v4\/ats\/web.php\/jobs?clientkey=54CFB0481E367DFCB142C0C5454EF8C9\">Empregos dispon\u00edveis<\/a><\/p>\n","block_background":"bg-light","block_background_video_type":"url","block_background_video_url":"","block_background_video_file":false,"block_background_image":false,"block_background_overlay":false,"unique_id":"","layout_title":"","block_option_custom_class":"","block_option_padding":[],"block_option_hide":[],"media_type":"","image_placement":"left","image_size":"6","image_format":""},{"acf_fc_layout":"testimonial","testimonial_pre-heading":"","testimonial_testimonial":"Gosto de trabalhar com meus colegas de departamento, trabalhamos verdadeiramente em equipe e eles dedicam tempo para me orientar e apoiar no processo de aprendizagem.","testimonial_attribution":"Vicki McCloe, administradora de vendas e servi\u00e7os","block_background":"bg-blue","block_background_video_type":"url","block_background_video_url":"","block_background_video_file":false,"block_background_image":false,"block_background_overlay":false,"unique_id":"","layout_title":"","block_option_custom_class":"","block_option_padding":[],"block_option_hide":[]},{"acf_fc_layout":"slider","slider_title":"Conhe\u00e7a nossos produtos e servi\u00e7os","slider_description":"","slider_slides":[{"slider_slide_image":2159,"slider_slide_title":"Trabalhando conosco","slider_slide_text":"<p>Desde solu\u00e7\u00f5es personalizadas e integra\u00e7\u00e3o at\u00e9 suporte cont\u00ednuo, nossos clientes desfrutam de parcerias colaborativas e duradouras conosco.<\/p>\n","slider_slide_link":{"title":"Atendimento ao cliente","url":"https:\/\/columbiaokura.com\/customer-care\/","target":""}},{"slider_slide_image":2124,"slider_slide_title":"Rob\u00f4s Industriais","slider_slide_text":"<p>Os rob\u00f4s industriais podem paletizar e fazer a recolha m\u00faltipla de cargas pesadas com velocidade e confiabilidade.<\/p>\n","slider_slide_link":{"title":"Paletizadores rob\u00f3ticos industriais","url":"https:\/\/columbiaokura.com\/industrial-robotic-palletizer\/","target":""}},{"slider_slide_image":2153,"slider_slide_title":"Servi\u00e7o, manuten\u00e7\u00e3o e pe\u00e7as","slider_slide_text":"<p>Nossos excelentes servi\u00e7os de suporte minimizam eventos de inatividade e permitem que voc\u00ea volte a trabalhar rapidamente.<\/p>\n","slider_slide_link":{"title":"Servi\u00e7o, manuten\u00e7\u00e3o e pe\u00e7as","url":"https:\/\/columbiaokura.com\/service-parts\/","target":""}},{"slider_slide_image":2134,"slider_slide_title":"Rob\u00f4s colaborativos","slider_slide_text":"<p>Os Cobots paletizam cargas de at\u00e9 66 libras e oferecem op\u00e7\u00f5es de ferramentas de recolha m\u00faltipla.<\/p>\n","slider_slide_link":{"title":"Rob\u00f4s colaborativos","url":"https:\/\/columbiaokura.com\/br\/robos-colaborativos\/","target":""}}],"block_background":"block-bg-none","block_background_video_type":"url","block_background_video_url":"","block_background_video_file":false,"block_background_image":false,"block_background_overlay":false,"unique_id":"","layout_title":"","block_option_custom_class":"","block_option_padding":[],"block_option_hide":[]}],"banner_default_title_override":"Carreiras","banner_default_description":"<p>A Columbia\/Okura \u00e9 uma pequena empresa familiar e l\u00edder em nosso setor. Se voc\u00ea se enquadra nos valores da nossa empresa e est\u00e1 entusiasmado com uma carreira em engenharia rob\u00f3tica, gostar\u00edamos de ouvir sua opini\u00e3o.<\/p>\n","banner_default_button_type":"url","banner_default_button_text":"Ver as vagas abertas","banner_default_button_url":"https:\/\/www.paycomonline.net\/v4\/ats\/web.php\/jobs?clientkey=54CFB0481E367DFCB142C0C5454EF8C9","banner_default_button_style":"","banner_quick-nav":false},"_links":{"self":[{"href":"https:\/\/columbiaokura.com\/br\/wp-json\/wp\/v2\/pages\/2118","targetHints":{"allow":["GET"]}}],"collection":[{"href":"https:\/\/columbiaokura.com\/br\/wp-json\/wp\/v2\/pages"}],"about":[{"href":"https:\/\/columbiaokura.com\/br\/wp-json\/wp\/v2\/types\/page"}],"author":[{"embeddable":true,"href":"https:\/\/columbiaokura.com\/br\/wp-json\/wp\/v2\/users\/4"}],"replies":[{"embeddable":true,"href":"https:\/\/columbiaokura.com\/br\/wp-json\/wp\/v2\/comments?post=2118"}],"version-history":[{"count":1,"href":"https:\/\/columbiaokura.com\/br\/wp-json\/wp\/v2\/pages\/2118\/revisions"}],"predecessor-version":[{"id":2319,"href":"https:\/\/columbiaokura.com\/br\/wp-json\/wp\/v2\/pages\/2118\/revisions\/2319"}],"wp:attachment":[{"href":"https:\/\/columbiaokura.com\/br\/wp-json\/wp\/v2\/media?parent=2118"}],"curies":[{"name":"wp","href":"https:\/\/api.w.org\/{rel}","templated":true}]}}